{"id":18,"date":"2024-11-22T13:43:27","date_gmt":"2024-11-22T13:43:27","guid":{"rendered":"https:\/\/comnoubcn.com\/politica-de-privacidad\/"},"modified":"2024-12-09T10:44:09","modified_gmt":"2024-12-09T10:44:09","slug":"politica-de-privacidad","status":"publish","type":"page","link":"https:\/\/comnoubcn.com\/ca\/politica-de-privacidad\/","title":{"rendered":"Pol\u00edtica de privadesa"},"content":{"rendered":"<style>.elementor-18 .elementor-element.elementor-element-2fdfca12{--display:flex;--min-height:266px;--flex-direction:row;--container-widget-width:calc( ( 1 - var( --container-widget-flex-grow ) ) * 100% );--container-widget-height:100%;--container-widget-flex-grow:1;--container-widget-align-self:stretch;--flex-wrap-mobile:wrap;--align-items:stretch;--gap:10px 10px;--row-gap:10px;--column-gap:10px;--overlay-opacity:0.8;--padding-top:0em;--padding-bottom:0em;--padding-left:0em;--padding-right:0em;}.elementor-18 .elementor-element.elementor-element-2fdfca12:not(.elementor-motion-effects-element-type-background), .elementor-18 .elementor-element.elementor-element-2fdfca12 > .elementor-motion-effects-container > .elementor-motion-effects-layer{background-color:var( --e-global-color-103e9d5 );}.elementor-18 .elementor-element.elementor-element-2fdfca12::before, .elementor-18 .elementor-element.elementor-element-2fdfca12 > .elementor-background-video-container::before, .elementor-18 .elementor-element.elementor-element-2fdfca12 > .e-con-inner > .elementor-background-video-container::before, .elementor-18 .elementor-element.elementor-element-2fdfca12 > .elementor-background-slideshow::before, .elementor-18 .elementor-element.elementor-element-2fdfca12 > .e-con-inner > .elementor-background-slideshow::before, .elementor-18 .elementor-element.elementor-element-2fdfca12 > .elementor-motion-effects-container > .elementor-motion-effects-layer::before{--background-overlay:'';}.elementor-18 .elementor-element.elementor-element-4b648af1{--display:flex;--flex-direction:row;--container-widget-width:calc( ( 1 - var( --container-widget-flex-grow ) ) * 100% );--container-widget-height:100%;--container-widget-flex-grow:1;--container-widget-align-self:stretch;--flex-wrap-mobile:wrap;--justify-content:space-between;--align-items:center;--flex-wrap:wrap;--padding-top:7em;--padding-bottom:7em;--padding-left:0em;--padding-right:0em;}.elementor-18 .elementor-element.elementor-element-6ed3a3bd{width:100%;max-width:100%;text-align:left;}.elementor-18 .elementor-element.elementor-element-6ed3a3bd.xpro-widget-bg-overlay:before{transition:background 0.3s;}.elementor-18 .elementor-element.elementor-element-6ed3a3bd .elementor-heading-title{color:#FFFFFF;}.elementor-18 .elementor-element.elementor-element-280cdf3c{--display:flex;--padding-top:4em;--padding-bottom:04em;--padding-left:2em;--padding-right:2em;}.elementor-18 .elementor-element.elementor-element-3421e99b.xpro-widget-bg-overlay:before{transition:background 0.3s;}:root{--page-title-display:none;}@media(max-width:1024px){.elementor-18 .elementor-element.elementor-element-2fdfca12{--min-height:186px;--padding-top:0px;--padding-bottom:0px;--padding-left:40px;--padding-right:40px;}.elementor-18 .elementor-element.elementor-element-4b648af1{--padding-top:5em;--padding-bottom:5em;--padding-left:0em;--padding-right:0em;}.elementor-18 .elementor-element.elementor-element-280cdf3c{--padding-top:40px;--padding-bottom:60px;--padding-left:40px;--padding-right:40px;}}@media(max-width:1024px) and (min-width:768px){.elementor-18 .elementor-element.elementor-element-2fdfca12{--content-width:100%;}.elementor-18 .elementor-element.elementor-element-280cdf3c{--content-width:100%;}}@media(max-width:767px){.elementor-18 .elementor-element.elementor-element-2fdfca12{--content-width:100%;--min-height:138px;--justify-content:center;--margin-top:0em;--margin-bottom:0em;--margin-left:0em;--margin-right:0em;--padding-top:0em;--padding-bottom:0em;--padding-left:0em;--padding-right:0em;}.elementor-18 .elementor-element.elementor-element-4b648af1{--flex-direction:column;--container-widget-width:100%;--container-widget-height:initial;--container-widget-flex-grow:0;--container-widget-align-self:initial;--flex-wrap-mobile:wrap;--justify-content:center;--padding-top:3em;--padding-bottom:3em;--padding-left:1em;--padding-right:1em;}.elementor-18 .elementor-element.elementor-element-6ed3a3bd{text-align:center;}.elementor-18 .elementor-element.elementor-element-280cdf3c{--content-width:100%;--padding-top:40px;--padding-bottom:40px;--padding-left:20px;--padding-right:20px;}}<\/style>\t\t<div data-elementor-type=\"wp-page\" data-elementor-id=\"18\" class=\"elementor elementor-18\" data-elementor-post-type=\"page\">\n\t\t\t\t<div class=\"elementor-element elementor-element-2fdfca12 e-flex e-con-boxed e-con e-parent\" data-id=\"2fdfca12\" data-element_type=\"container\" data-settings=\"{&quot;background_background&quot;:&quot;classic&quot;}\">\n\t\t\t\t\t<div class=\"e-con-inner\">\n\t\t<div class=\"elementor-element elementor-element-4b648af1 e-con-full e-flex e-con e-child\" data-id=\"4b648af1\" data-element_type=\"container\">\n\t\t\t\t<div class=\"elementor-element elementor-element-6ed3a3bd elementor-widget__width-inherit elementor-widget elementor-widget-heading\" data-id=\"6ed3a3bd\" data-element_type=\"widget\" data-widget_type=\"heading.default\">\n\t\t\t\t<div class=\"elementor-widget-container\">\n\t\t\t\t\t<h1 class=\"elementor-heading-title elementor-size-default\">Pol\u00edtica de privadesa<\/h1>\t\t\t\t<\/div>\n\t\t\t\t<\/div>\n\t\t\t\t<\/div>\n\t\t\t\t\t<\/div>\n\t\t\t\t<\/div>\n\t\t<div class=\"elementor-element elementor-element-280cdf3c e-flex e-con-boxed e-con e-parent\" data-id=\"280cdf3c\" data-element_type=\"container\">\n\t\t\t\t\t<div class=\"e-con-inner\">\n\t\t\t\t<div class=\"elementor-element elementor-element-3421e99b elementor-widget elementor-widget-text-editor\" data-id=\"3421e99b\" data-element_type=\"widget\" data-widget_type=\"text-editor.default\">\n\t\t\t\t<div class=\"elementor-widget-container\">\n\t\t\t\t\t\t\t\t\t<h3 class=\"wp-block-heading\">1.- INFORMACI\u00d3 A L&#039;USUARI<\/h3><p>El lloc web informa els usuaris del lloc web sobre la seva pol\u00edtica respecte al tractament i la protecci\u00f3 de les dades de car\u00e0cter personal dels usuaris i clients que puguin ser sol\u00b7licitats per la navegaci\u00f3 a trav\u00e9s del seu lloc web. El lloc web \u00e9s el Responsable del tractament de les dades personals de l&#039;usuari, per la qual cosa se us facilita la seg\u00fcent informaci\u00f3 referent al tractament de les vostres dades:\u00a0<strong>Criteris de conservaci\u00f3 de les dades<\/strong>\u00a0: Les dades personals proporcionades es conservaran fins que no se sol\u00b7liciti la suspensi\u00f3 per part de l&#039;interessat, exercint els seus drets sobre les dades, i en qualsevol cas en compliment de terminis legals de prescripci\u00f3 que li siguin aplicables.\u00a0<strong>Drets dels interessats<\/strong>\u00a0:<\/p><ul><li>Dret a retirar-ne el consentiment en qualsevol moment.<\/li><li>Dret d&#039;acc\u00e9s, rectificaci\u00f3, supressi\u00f3, portabilitat de les vostres dades ia la limitaci\u00f3 o oposici\u00f3 del vostre tractament, aix\u00ed com no ser objecte de decisions individuals automatitzades.<\/li><\/ul><p><strong>Dades de contacte per exercir els vostres drets<\/strong>\u00a0: Cal identificar degudament i sol\u00b7licitar clarament el dret d&#039;exercir.<\/p><ul><li>Nom: HELLEN DEL SOCORRO BALTODANO CARBALLO amb NIF Y9326582G<\/li><li>Adre\u00e7a: CARRER ANTONIO GAUDI, 15, 08788, VILANOVA DEL CAMI (BARCELONA)<b><br \/><\/b><\/li><li>Tel\u00e8fon: +34 678 974 139<\/li><li>Mail: <a href=\"mailto:hellenbaltodano@hotmail.com\" target=\"_blank\" rel=\"noopener\">hellenbaltodano@hotmail.com<\/a><\/li><\/ul><h3 class=\"wp-block-heading\">2.- INFORMACI\u00d3 FACILITADA PER L&#039;USUARI<\/h3><p>Si \u00e9s menor de 18 anys no es permet l&#039;\u00fas de formularis a la nostra web.<\/p><p>Els Usuaris, introduint les seves dades als formularis de contacte o presentats en formularis de desc\u00e0rrega, accepten expressament i de forma lliure i inequ\u00edvoca, que les seves dades s\u00f3n necess\u00e0ries per atendre la seva petici\u00f3, per part del Responsable, sent volunt\u00e0ria la inclusi\u00f3 de dades als camps restants.<\/p><p>L&#039;Usuari garanteix que les dades personals facilitades s\u00f3n veraces i es fa responsable de comunicar qualsevol modificaci\u00f3.<\/p><p>Totes les dades sol\u00b7licitades a trav\u00e9s del lloc web s\u00f3n necess\u00e0ries per prestar un servei \u00f2ptim a l&#039;Usuari. .<\/p><h3 class=\"wp-block-heading\">3.- MESURES DE SEGURETAT<\/h3><p>Que de conformitat amb el que disposen les normatives vigents en mat\u00e8ria de protecci\u00f3 de dades personals, El Responsable est\u00e0 complint totes les disposicions de les normatives RGPD i LOPD per al tractament de les dades personals de la seva responsabilitat, les quals s\u00f3n tractades de forma l\u00edcita , lleial i transparent en relaci\u00f3 amb linteressat i adequats, pertinents i limitats al necessari en relaci\u00f3 amb els fins per als quals s\u00f3n tractats.<\/p><p>El Responsable garanteix que ha implementat pol\u00edtiques t\u00e8cniques i organitzatives apropiades per aplicar les mesures de seguretat que estableixen el RGPD i la LOPD per protegir els drets i les llibertats dels Usuaris i els ha comunicat la informaci\u00f3 adequada perqu\u00e8 puguin exercir-los.<\/p><h3 class=\"wp-block-heading\">4.- BRETXES DE SEGURETAT<\/h3><p>El Responsable informar\u00e0 sobre qualsevol bretxa de seguretat que afecti la base de dades que utilitza aquest lloc web, o que afecti qualsevol dels nostres serveis de tercers, totes i cadascuna de les persones, dades de qu\u00e8 puguin haver estat afectats, i autoritats, dins de les 72 hores seg\u00fcents a la detecci\u00f3 de la bretxa.<\/p><h3 class=\"wp-block-heading\">5.-LEGISLACI\u00d3 APLICABLE I JURISDICCI\u00d3<\/h3><p>Per a la resoluci\u00f3 de totes les controv\u00e8rsies o q\u00fcestions relacionades amb aquest lloc web o de les activitats que es desenvolupin, ser\u00e0 aplicable la legislaci\u00f3 espanyola, a la qual se sotmeten expressament les parts, sent competents per a la resoluci\u00f3 de tots els conflictes derivats o relacionats amb l&#039;\u00fas dels jutjats i els tribunals de Barcelona.<\/p>\t\t\t\t\t\t\t\t<\/div>\n\t\t\t\t<\/div>\n\t\t\t\t\t<\/div>\n\t\t\t\t<\/div>\n\t\t\t\t<\/div>","protected":false},"excerpt":{"rendered":"<p>1.- INFORMACI\u00d3N AL USUARIO El sitio web informa a los usuarios del sitio web sobre su pol\u00edtica respecto al tratamiento y protecci\u00f3n de los datos de car\u00e1cter personal de los usuarios y clientes que puedan ser solicitados por la navegaci\u00f3n a trav\u00e9s de su sitio web. El sitio web es el Responsable del tratamiento de [&hellip;]<\/p>","protected":false},"author":1,"featured_media":0,"parent":0,"menu_order":0,"comment_status":"closed","ping_status":"closed","template":"","meta":{"footnotes":""},"class_list":["post-18","page","type-page","status-publish","hentry"],"yoast_head":"<!-- This site is optimized with the Yoast SEO plugin v26.4 - https:\/\/yoast.com\/wordpress\/plugins\/seo\/ -->\n<title>Pol\u00edtica de privacidad - Com Nou<\/title>\n<meta name=\"robots\" content=\"index, follow, max-snippet:-1, max-image-preview:large, max-video-preview:-1\" \/>\n<link rel=\"canonical\" href=\"https:\/\/comnoubcn.com\/ca\/politica-de-privacidad\/\" \/>\n<meta property=\"og:locale\" content=\"ca_ES\" \/>\n<meta property=\"og:type\" content=\"article\" \/>\n<meta property=\"og:title\" content=\"Pol\u00edtica de privacidad - Com Nou\" \/>\n<meta property=\"og:description\" content=\"1.- INFORMACI\u00d3N AL USUARIO El sitio web informa a los usuarios del sitio web sobre su pol\u00edtica respecto al tratamiento y protecci\u00f3n de los datos de car\u00e1cter personal de los usuarios y clientes que puedan ser solicitados por la navegaci\u00f3n a trav\u00e9s de su sitio web. El sitio web es el Responsable del tratamiento de [&hellip;]\" \/>\n<meta property=\"og:url\" content=\"https:\/\/comnoubcn.com\/ca\/politica-de-privacidad\/\" \/>\n<meta property=\"og:site_name\" content=\"Com Nou\" \/>\n<meta property=\"article:modified_time\" content=\"2024-12-09T10:44:09+00:00\" \/>\n<meta name=\"twitter:card\" content=\"summary_large_image\" \/>\n<meta name=\"twitter:label1\" content=\"Temps estimat de lectura\" \/>\n\t<meta name=\"twitter:data1\" content=\"3 minuts\" \/>\n<script type=\"application\/ld+json\" class=\"yoast-schema-graph\">{\"@context\":\"https:\/\/schema.org\",\"@graph\":[{\"@type\":\"WebPage\",\"@id\":\"https:\/\/comnoubcn.com\/politica-de-privacidad\/\",\"url\":\"https:\/\/comnoubcn.com\/politica-de-privacidad\/\",\"name\":\"Pol\u00edtica de privacidad - Com Nou\",\"isPartOf\":{\"@id\":\"https:\/\/comnoubcn.com\/#website\"},\"datePublished\":\"2024-11-22T13:43:27+00:00\",\"dateModified\":\"2024-12-09T10:44:09+00:00\",\"breadcrumb\":{\"@id\":\"https:\/\/comnoubcn.com\/politica-de-privacidad\/#breadcrumb\"},\"inLanguage\":\"ca\",\"potentialAction\":[{\"@type\":\"ReadAction\",\"target\":[\"https:\/\/comnoubcn.com\/politica-de-privacidad\/\"]}]},{\"@type\":\"BreadcrumbList\",\"@id\":\"https:\/\/comnoubcn.com\/politica-de-privacidad\/#breadcrumb\",\"itemListElement\":[{\"@type\":\"ListItem\",\"position\":1,\"name\":\"Portada\",\"item\":\"https:\/\/comnoubcn.com\/\"},{\"@type\":\"ListItem\",\"position\":2,\"name\":\"Pol\u00edtica de privacidad\"}]},{\"@type\":\"WebSite\",\"@id\":\"https:\/\/comnoubcn.com\/#website\",\"url\":\"https:\/\/comnoubcn.com\/\",\"name\":\"Com Nou\",\"description\":\"Restauraci\u00f3n y embellecimiento autom\u00f3vil en toda Espa\u00f1a\",\"publisher\":{\"@id\":\"https:\/\/comnoubcn.com\/#organization\"},\"potentialAction\":[{\"@type\":\"SearchAction\",\"target\":{\"@type\":\"EntryPoint\",\"urlTemplate\":\"https:\/\/comnoubcn.com\/?s={search_term_string}\"},\"query-input\":{\"@type\":\"PropertyValueSpecification\",\"valueRequired\":true,\"valueName\":\"search_term_string\"}}],\"inLanguage\":\"ca\"},{\"@type\":\"Organization\",\"@id\":\"https:\/\/comnoubcn.com\/#organization\",\"name\":\"Com Nou\",\"url\":\"https:\/\/comnoubcn.com\/\",\"logo\":{\"@type\":\"ImageObject\",\"inLanguage\":\"ca\",\"@id\":\"https:\/\/comnoubcn.com\/#\/schema\/logo\/image\/\",\"url\":\"https:\/\/comnoubcn.com\/wp-content\/uploads\/2024\/11\/logo.svg\",\"contentUrl\":\"https:\/\/comnoubcn.com\/wp-content\/uploads\/2024\/11\/logo.svg\",\"width\":620,\"height\":620,\"caption\":\"Com Nou\"},\"image\":{\"@id\":\"https:\/\/comnoubcn.com\/#\/schema\/logo\/image\/\"}}]}<\/script>\n<!-- \/ Yoast SEO plugin. -->","yoast_head_json":{"title":"Pol\u00edtica de privacidad - Com Nou","robots":{"index":"index","follow":"follow","max-snippet":"max-snippet:-1","max-image-preview":"max-image-preview:large","max-video-preview":"max-video-preview:-1"},"canonical":"https:\/\/comnoubcn.com\/ca\/politica-de-privacidad\/","og_locale":"ca_ES","og_type":"article","og_title":"Pol\u00edtica de privacidad - Com Nou","og_description":"1.- INFORMACI\u00d3N AL USUARIO El sitio web informa a los usuarios del sitio web sobre su pol\u00edtica respecto al tratamiento y protecci\u00f3n de los datos de car\u00e1cter personal de los usuarios y clientes que puedan ser solicitados por la navegaci\u00f3n a trav\u00e9s de su sitio web. El sitio web es el Responsable del tratamiento de [&hellip;]","og_url":"https:\/\/comnoubcn.com\/ca\/politica-de-privacidad\/","og_site_name":"Com Nou","article_modified_time":"2024-12-09T10:44:09+00:00","twitter_card":"summary_large_image","twitter_misc":{"Temps estimat de lectura":"3 minuts"},"schema":{"@context":"https:\/\/schema.org","@graph":[{"@type":"WebPage","@id":"https:\/\/comnoubcn.com\/politica-de-privacidad\/","url":"https:\/\/comnoubcn.com\/politica-de-privacidad\/","name":"Pol\u00edtica de privacidad - Com Nou","isPartOf":{"@id":"https:\/\/comnoubcn.com\/#website"},"datePublished":"2024-11-22T13:43:27+00:00","dateModified":"2024-12-09T10:44:09+00:00","breadcrumb":{"@id":"https:\/\/comnoubcn.com\/politica-de-privacidad\/#breadcrumb"},"inLanguage":"ca","potentialAction":[{"@type":"ReadAction","target":["https:\/\/comnoubcn.com\/politica-de-privacidad\/"]}]},{"@type":"BreadcrumbList","@id":"https:\/\/comnoubcn.com\/politica-de-privacidad\/#breadcrumb","itemListElement":[{"@type":"ListItem","position":1,"name":"Portada","item":"https:\/\/comnoubcn.com\/"},{"@type":"ListItem","position":2,"name":"Pol\u00edtica de privacidad"}]},{"@type":"WebSite","@id":"https:\/\/comnoubcn.com\/#website","url":"https:\/\/comnoubcn.com\/","name":"Com Nou","description":"Restauraci\u00f3 i embelliment autom\u00f2bil a tot Espanya","publisher":{"@id":"https:\/\/comnoubcn.com\/#organization"},"potentialAction":[{"@type":"SearchAction","target":{"@type":"EntryPoint","urlTemplate":"https:\/\/comnoubcn.com\/?s={search_term_string}"},"query-input":{"@type":"PropertyValueSpecification","valueRequired":true,"valueName":"search_term_string"}}],"inLanguage":"ca"},{"@type":"Organization","@id":"https:\/\/comnoubcn.com\/#organization","name":"Com Nou","url":"https:\/\/comnoubcn.com\/","logo":{"@type":"ImageObject","inLanguage":"ca","@id":"https:\/\/comnoubcn.com\/#\/schema\/logo\/image\/","url":"https:\/\/comnoubcn.com\/wp-content\/uploads\/2024\/11\/logo.svg","contentUrl":"https:\/\/comnoubcn.com\/wp-content\/uploads\/2024\/11\/logo.svg","width":620,"height":620,"caption":"Com Nou"},"image":{"@id":"https:\/\/comnoubcn.com\/#\/schema\/logo\/image\/"}}]}},"_links":{"self":[{"href":"https:\/\/comnoubcn.com\/ca\/wp-json\/wp\/v2\/pages\/18","targetHints":{"allow":["GET"]}}],"collection":[{"href":"https:\/\/comnoubcn.com\/ca\/wp-json\/wp\/v2\/pages"}],"about":[{"href":"https:\/\/comnoubcn.com\/ca\/wp-json\/wp\/v2\/types\/page"}],"author":[{"embeddable":true,"href":"https:\/\/comnoubcn.com\/ca\/wp-json\/wp\/v2\/users\/1"}],"replies":[{"embeddable":true,"href":"https:\/\/comnoubcn.com\/ca\/wp-json\/wp\/v2\/comments?post=18"}],"version-history":[{"count":16,"href":"https:\/\/comnoubcn.com\/ca\/wp-json\/wp\/v2\/pages\/18\/revisions"}],"predecessor-version":[{"id":1374,"href":"https:\/\/comnoubcn.com\/ca\/wp-json\/wp\/v2\/pages\/18\/revisions\/1374"}],"wp:attachment":[{"href":"https:\/\/comnoubcn.com\/ca\/wp-json\/wp\/v2\/media?parent=18"}],"curies":[{"name":"wp","href":"https:\/\/api.w.org\/{rel}","templated":true}]}}