{"id":9,"date":"2024-11-22T13:43:27","date_gmt":"2024-11-22T13:43:27","guid":{"rendered":"https:\/\/comnoubcn.com\/mapa-web\/"},"modified":"2024-12-09T10:43:56","modified_gmt":"2024-12-09T10:43:56","slug":"mapa-web","status":"publish","type":"page","link":"https:\/\/comnoubcn.com\/en\/mapa-web\/","title":{"rendered":"Web map"},"content":{"rendered":"<style>.elementor-9 .elementor-element.elementor-element-c9fd87b{--display:flex;--min-height:266px;--flex-direction:row;--container-widget-width:calc( ( 1 - var( --container-widget-flex-grow ) ) * 100% );--container-widget-height:100%;--container-widget-flex-grow:1;--container-widget-align-self:stretch;--flex-wrap-mobile:wrap;--align-items:stretch;--gap:10px 10px;--row-gap:10px;--column-gap:10px;--overlay-opacity:0.8;--padding-top:0em;--padding-bottom:0em;--padding-left:0em;--padding-right:0em;}.elementor-9 .elementor-element.elementor-element-c9fd87b:not(.elementor-motion-effects-element-type-background), .elementor-9 .elementor-element.elementor-element-c9fd87b > .elementor-motion-effects-container > .elementor-motion-effects-layer{background-color:var( --e-global-color-103e9d5 );}.elementor-9 .elementor-element.elementor-element-c9fd87b::before, .elementor-9 .elementor-element.elementor-element-c9fd87b > .elementor-background-video-container::before, .elementor-9 .elementor-element.elementor-element-c9fd87b > .e-con-inner > .elementor-background-video-container::before, .elementor-9 .elementor-element.elementor-element-c9fd87b > .elementor-background-slideshow::before, .elementor-9 .elementor-element.elementor-element-c9fd87b > .e-con-inner > .elementor-background-slideshow::before, .elementor-9 .elementor-element.elementor-element-c9fd87b > .elementor-motion-effects-container > .elementor-motion-effects-layer::before{--background-overlay:'';}.elementor-9 .elementor-element.elementor-element-303b0e27{--display:flex;--flex-direction:row;--container-widget-width:calc( ( 1 - var( --container-widget-flex-grow ) ) * 100% );--container-widget-height:100%;--container-widget-flex-grow:1;--container-widget-align-self:stretch;--flex-wrap-mobile:wrap;--justify-content:space-between;--align-items:center;--flex-wrap:wrap;--padding-top:7em;--padding-bottom:7em;--padding-left:0em;--padding-right:0em;}.elementor-9 .elementor-element.elementor-element-2633ecdd{width:100%;max-width:100%;text-align:left;}.elementor-9 .elementor-element.elementor-element-2633ecdd.xpro-widget-bg-overlay:before{transition:background 0.3s;}.elementor-9 .elementor-element.elementor-element-2633ecdd .elementor-heading-title{color:#FFFFFF;}.elementor-9 .elementor-element.elementor-element-55697129{--display:flex;--padding-top:4em;--padding-bottom:04em;--padding-left:2em;--padding-right:2em;}.elementor-9 .elementor-element.elementor-element-fd65e37.xpro-widget-bg-overlay:before{transition:background 0.3s;}.elementor-9 .elementor-element.elementor-element-fd65e37 .elementor-sitemap-section{flex-basis:calc( 1 \/ 2 * 100% );}.elementor-9 .elementor-element.elementor-element-fd65e37 .elementor-sitemap-title{color:var( --e-global-color-secondary );font-family:var( --e-global-typography-6b99d04-font-family ), Sans-serif;font-size:var( --e-global-typography-6b99d04-font-size );font-weight:var( --e-global-typography-6b99d04-font-weight );line-height:var( --e-global-typography-6b99d04-line-height );}.elementor-9 .elementor-element.elementor-element-fd65e37 .elementor-sitemap-item, .elementor-9 .elementor-element.elementor-element-fd65e37 span.elementor-sitemap-list, .elementor-9 .elementor-element.elementor-element-fd65e37 .elementor-sitemap-item a{color:var( --e-global-color-103e9d5 );}.elementor-9 .elementor-element.elementor-element-fd65e37 .elementor-sitemap-list, .elementor-9 .elementor-element.elementor-element-fd65e37 .elementor-sitemap-list .children{list-style-type:disc;}:root{--page-title-display:none;}@media(max-width:1024px){.elementor-9 .elementor-element.elementor-element-c9fd87b{--min-height:186px;--padding-top:0px;--padding-bottom:0px;--padding-left:40px;--padding-right:40px;}.elementor-9 .elementor-element.elementor-element-303b0e27{--padding-top:5em;--padding-bottom:5em;--padding-left:0em;--padding-right:0em;}.elementor-9 .elementor-element.elementor-element-55697129{--padding-top:40px;--padding-bottom:60px;--padding-left:40px;--padding-right:40px;}.elementor-9 .elementor-element.elementor-element-fd65e37 .elementor-sitemap-section{flex-basis:calc( 1 \/ 2 * 100% );}.elementor-9 .elementor-element.elementor-element-fd65e37 .elementor-sitemap-title{font-size:var( --e-global-typography-6b99d04-font-size );line-height:var( --e-global-typography-6b99d04-line-height );}}@media(max-width:1024px) and (min-width:768px){.elementor-9 .elementor-element.elementor-element-c9fd87b{--content-width:100%;}.elementor-9 .elementor-element.elementor-element-55697129{--content-width:100%;}}@media(max-width:767px){.elementor-9 .elementor-element.elementor-element-c9fd87b{--content-width:100%;--min-height:138px;--justify-content:center;--margin-top:0em;--margin-bottom:0em;--margin-left:0em;--margin-right:0em;--padding-top:0em;--padding-bottom:0em;--padding-left:0em;--padding-right:0em;}.elementor-9 .elementor-element.elementor-element-303b0e27{--flex-direction:column;--container-widget-width:100%;--container-widget-height:initial;--container-widget-flex-grow:0;--container-widget-align-self:initial;--flex-wrap-mobile:wrap;--justify-content:center;--padding-top:3em;--padding-bottom:3em;--padding-left:1em;--padding-right:1em;}.elementor-9 .elementor-element.elementor-element-2633ecdd{text-align:center;}.elementor-9 .elementor-element.elementor-element-55697129{--content-width:100%;--padding-top:40px;--padding-bottom:40px;--padding-left:20px;--padding-right:20px;}.elementor-9 .elementor-element.elementor-element-fd65e37 .elementor-sitemap-section{flex-basis:calc( 1 \/ 1 * 100% );}.elementor-9 .elementor-element.elementor-element-fd65e37 .elementor-sitemap-title{font-size:var( --e-global-typography-6b99d04-font-size );line-height:var( --e-global-typography-6b99d04-line-height );}}<\/style>\t\t<div data-elementor-type=\"wp-page\" data-elementor-id=\"9\" class=\"elementor elementor-9\" data-elementor-post-type=\"page\">\n\t\t\t\t<div class=\"elementor-element elementor-element-c9fd87b e-flex e-con-boxed e-con e-parent\" data-id=\"c9fd87b\" data-element_type=\"container\" data-settings=\"{&quot;background_background&quot;:&quot;classic&quot;}\">\n\t\t\t\t\t<div class=\"e-con-inner\">\n\t\t<div class=\"elementor-element elementor-element-303b0e27 e-con-full e-flex e-con e-child\" data-id=\"303b0e27\" data-element_type=\"container\">\n\t\t\t\t<div class=\"elementor-element elementor-element-2633ecdd elementor-widget__width-inherit elementor-widget elementor-widget-heading\" data-id=\"2633ecdd\" data-element_type=\"widget\" data-widget_type=\"heading.default\">\n\t\t\t\t<div class=\"elementor-widget-container\">\n\t\t\t\t\t<h1 class=\"elementor-heading-title elementor-size-default\">Web map<\/h1>\t\t\t\t<\/div>\n\t\t\t\t<\/div>\n\t\t\t\t<\/div>\n\t\t\t\t\t<\/div>\n\t\t\t\t<\/div>\n\t\t<div class=\"elementor-element elementor-element-55697129 e-flex e-con-boxed e-con e-parent\" data-id=\"55697129\" data-element_type=\"container\">\n\t\t\t\t\t<div class=\"e-con-inner\">\n\t\t\t\t<div class=\"elementor-element elementor-element-fd65e37 elementor-widget elementor-widget-sitemap\" data-id=\"fd65e37\" data-element_type=\"widget\" data-widget_type=\"sitemap.default\">\n\t\t\t\t<div class=\"elementor-widget-container\">\n\t\t\t\t\t<div class=\"elementor-sitemap-wrap\"><div class=\"elementor-sitemap-section\"><h2 class=\"elementor-sitemap-title elementor-sitemap-page-title\">Pages<\/h2><ul class=\"elementor-sitemap-list elementor-sitemap-page-list\"><li class=\"elementor-sitemap-item elementor-sitemap-item-page page_item page-item-2189\"><a href=\"https:\/\/comnoubcn.com\/en\/tapiceria-de-coche-en-barcelona\/\">Car upholstery in Barcelona<\/a><\/li><li class=\"elementor-sitemap-item elementor-sitemap-item-page page_item page-item-2169\"><a href=\"https:\/\/comnoubcn.com\/en\/restauracion-interior-vehiculos-vilanova-del-cami\/\">Interior restoration of vehicles in Vilanova del Cam\u00ed<\/a><\/li><li class=\"elementor-sitemap-item elementor-sitemap-item-page page_item page-item-2150\"><a href=\"https:\/\/comnoubcn.com\/en\/salpicadero-tapizado-en-barcelona\/\">Upholstered dashboard in Barcelona<\/a><\/li><li class=\"elementor-sitemap-item elementor-sitemap-item-page page_item page-item-2145\"><a href=\"https:\/\/comnoubcn.com\/en\/tapiceria-interior-coche-barcelona\/\">Car interior upholstery in Barcelona<\/a><\/li><li class=\"elementor-sitemap-item elementor-sitemap-item-page page_item page-item-2121\"><a href=\"https:\/\/comnoubcn.com\/en\/reparacion-tapiceria-coche-en-barcelona\/\">Car upholstery repair in Barcelona<\/a><\/li><li class=\"elementor-sitemap-item elementor-sitemap-item-page page_item page-item-2116\"><a href=\"https:\/\/comnoubcn.com\/en\/tapizado-de-techos-de-coche-en-barcelona\/\">Car roof upholstery in Barcelona<\/a><\/li><li class=\"elementor-sitemap-item elementor-sitemap-item-page page_item page-item-2093\"><a href=\"https:\/\/comnoubcn.com\/en\/limpieza-asientos-piel-vilanova-del-cami\/\">Leather seat cleaning in Vilanova del Cam\u00ed<\/a><\/li><li class=\"elementor-sitemap-item elementor-sitemap-item-page page_item page-item-2088\"><a href=\"https:\/\/comnoubcn.com\/en\/restaurar-interior-coche-barcelona\/\">Restore car interior Barcelona<\/a><\/li><li class=\"elementor-sitemap-item elementor-sitemap-item-page page_item page-item-2070\"><a href=\"https:\/\/comnoubcn.com\/en\/tapizado-interior-coche-vilanova-del-cami\/\">Vilanova del Cam\u00ed car interior upholstery<\/a><\/li><li class=\"elementor-sitemap-item elementor-sitemap-item-page page_item page-item-2056\"><a href=\"https:\/\/comnoubcn.com\/en\/tapizado-de-asientos-de-coche-vilanova-del-cami\/\">Car seat upholstery in Vilanova del Cam\u00ed<\/a><\/li><li class=\"elementor-sitemap-item elementor-sitemap-item-page page_item page-item-2021\"><a href=\"https:\/\/comnoubcn.com\/en\/tapizado-de-volante-de-coche-vilanova-del-cami\/\">Car steering wheel upholstery in Vilanova del Cam\u00ed<\/a><\/li><li class=\"elementor-sitemap-item elementor-sitemap-item-page page_item page-item-2016\"><a href=\"https:\/\/comnoubcn.com\/en\/restauracion-tapiceria-coche-vilanova-del-cami\/\">Car upholstery restoration in Vilanova del Cam\u00ed<\/a><\/li><li class=\"elementor-sitemap-item elementor-sitemap-item-page page_item page-item-2008\"><a href=\"https:\/\/comnoubcn.com\/en\/tapizar-salpicadero-coche-vilanova-del-cami\/\">Upholstering car dashboard in Vilanova del Cami<\/a><\/li><li class=\"elementor-sitemap-item elementor-sitemap-item-page page_item page-item-2003\"><a href=\"https:\/\/comnoubcn.com\/en\/restauracion-cuadros-vilanova-del-cami\/\">Restoration of paintings in Vilanova del Cami<\/a><\/li><li class=\"elementor-sitemap-item elementor-sitemap-item-page page_item page-item-1958\"><a href=\"https:\/\/comnoubcn.com\/en\/reparacion-de-asientos-de-coche-vilanova-del-cami\/\">Car seat repair in Vilanova del Cami<\/a><\/li><li class=\"elementor-sitemap-item elementor-sitemap-item-page page_item page-item-1950\"><a href=\"https:\/\/comnoubcn.com\/en\/restaurar-interior-coche-vilanova-del-cami\/\">Restore car interior Vilanova del Cami<\/a><\/li><li class=\"elementor-sitemap-item elementor-sitemap-item-page page_item page-item-1903\"><a href=\"https:\/\/comnoubcn.com\/en\/reparacion-de-asientos-de-coche-en-vilanova-del-cami\/\">Car seat repair in Vilanova del Cami<\/a><\/li><li class=\"elementor-sitemap-item elementor-sitemap-item-page page_item page-item-1896\"><a href=\"https:\/\/comnoubcn.com\/en\/restaurar-interior-del-coche-en-vilanova-del-cami\/\">Car interior restoration in Vilanova del Cami<\/a><\/li><li class=\"elementor-sitemap-item elementor-sitemap-item-page page_item page-item-1871\"><a href=\"https:\/\/comnoubcn.com\/en\/restauracion-salpicadero-coche-vilanova-del-cami\/\">Car dashboard restoration in Vilanova del Cami<\/a><\/li><li class=\"elementor-sitemap-item elementor-sitemap-item-page page_item page-item-55\"><a href=\"https:\/\/comnoubcn.com\/en\/contacto\/\">Contact<\/a><\/li><li class=\"elementor-sitemap-item elementor-sitemap-item-page page_item page-item-53 current_page_parent\"><a href=\"https:\/\/comnoubcn.com\/en\/blog\/\">Blog<\/a><\/li><li class=\"elementor-sitemap-item elementor-sitemap-item-page page_item page-item-51\"><a href=\"https:\/\/comnoubcn.com\/en\/proyectos\/\">Projects<\/a><\/li><li class=\"elementor-sitemap-item elementor-sitemap-item-page page_item page-item-49\"><a href=\"https:\/\/comnoubcn.com\/en\/restauracion-de-salpicaderos\/\">Dashboard restoration<\/a><\/li><li class=\"elementor-sitemap-item elementor-sitemap-item-page page_item page-item-47\"><a href=\"https:\/\/comnoubcn.com\/en\/tapiceria-de-coches\/\">Car upholstery<\/a><\/li><li class=\"elementor-sitemap-item elementor-sitemap-item-page page_item page-item-45\"><a href=\"https:\/\/comnoubcn.com\/en\/nuestro-taller\/\">Our workshop<\/a><\/li><li class=\"elementor-sitemap-item elementor-sitemap-item-page page_item page-item-43\"><a href=\"https:\/\/comnoubcn.com\/en\/\">Start<\/a><\/li><li class=\"elementor-sitemap-item elementor-sitemap-item-page page_item page-item-21\"><a href=\"https:\/\/comnoubcn.com\/en\/aviso-legal\/\">Legal notice<\/a><\/li><li class=\"elementor-sitemap-item elementor-sitemap-item-page page_item page-item-18\"><a href=\"https:\/\/comnoubcn.com\/en\/politica-de-privacidad\/\">Privacy Policy<\/a><\/li><li class=\"elementor-sitemap-item elementor-sitemap-item-page page_item page-item-15\"><a href=\"https:\/\/comnoubcn.com\/en\/politica-de-cookies\/\">Cookie Policy<\/a><\/li><li class=\"elementor-sitemap-item elementor-sitemap-item-page page_item page-item-12\"><a href=\"https:\/\/comnoubcn.com\/en\/declaracion-de-accesibilidad\/\">Accessibility statement<\/a><\/li><li class=\"elementor-sitemap-item elementor-sitemap-item-page page_item page-item-9\"><a href=\"https:\/\/comnoubcn.com\/en\/mapa-web\/\">Web map<\/a><\/li><\/ul><\/div><div class=\"elementor-sitemap-section\"><h2 class=\"elementor-sitemap-title elementor-sitemap-category-title\">Categories<\/h2><ul class=\"elementor-sitemap-list elementor-sitemap-category-list\">\t<li class=\"elementor-sitemap-item elementor-sitemap-item-category cat-item cat-item-1\"><a href=\"https:\/\/comnoubcn.com\/en\/category\/blog\/\">Blog<\/a>\n<\/li>\n<\/ul><\/div><\/div>\t\t\t\t<\/div>\n\t\t\t\t<\/div>\n\t\t\t\t\t<\/div>\n\t\t\t\t<\/div>\n\t\t\t\t<\/div>","protected":false},"excerpt":{"rendered":"","protected":false},"author":1,"featured_media":0,"parent":0,"menu_order":0,"comment_status":"closed","ping_status":"closed","template":"","meta":{"footnotes":""},"class_list":["post-9","page","type-page","status-publish","hentry"],"yoast_head":"<!-- This site is optimized with the Yoast SEO plugin v26.4 - https:\/\/yoast.com\/wordpress\/plugins\/seo\/ -->\n<title>Mapa web - Com Nou<\/title>\n<meta name=\"robots\" content=\"index, follow, max-snippet:-1, max-image-preview:large, max-video-preview:-1\" \/>\n<link rel=\"canonical\" href=\"https:\/\/comnoubcn.com\/en\/mapa-web\/\" \/>\n<meta property=\"og:locale\" content=\"en_GB\" \/>\n<meta property=\"og:type\" content=\"article\" \/>\n<meta property=\"og:title\" content=\"Mapa web - Com Nou\" \/>\n<meta property=\"og:url\" content=\"https:\/\/comnoubcn.com\/en\/mapa-web\/\" \/>\n<meta property=\"og:site_name\" content=\"Com Nou\" \/>\n<meta property=\"article:modified_time\" content=\"2024-12-09T10:43:56+00:00\" \/>\n<meta name=\"twitter:card\" content=\"summary_large_image\" \/>\n<script type=\"application\/ld+json\" class=\"yoast-schema-graph\">{\"@context\":\"https:\/\/schema.org\",\"@graph\":[{\"@type\":\"WebPage\",\"@id\":\"https:\/\/comnoubcn.com\/mapa-web\/\",\"url\":\"https:\/\/comnoubcn.com\/mapa-web\/\",\"name\":\"Mapa web - Com Nou\",\"isPartOf\":{\"@id\":\"https:\/\/comnoubcn.com\/#website\"},\"datePublished\":\"2024-11-22T13:43:27+00:00\",\"dateModified\":\"2024-12-09T10:43:56+00:00\",\"breadcrumb\":{\"@id\":\"https:\/\/comnoubcn.com\/mapa-web\/#breadcrumb\"},\"inLanguage\":\"en-GB\",\"potentialAction\":[{\"@type\":\"ReadAction\",\"target\":[\"https:\/\/comnoubcn.com\/mapa-web\/\"]}]},{\"@type\":\"BreadcrumbList\",\"@id\":\"https:\/\/comnoubcn.com\/mapa-web\/#breadcrumb\",\"itemListElement\":[{\"@type\":\"ListItem\",\"position\":1,\"name\":\"Portada\",\"item\":\"https:\/\/comnoubcn.com\/\"},{\"@type\":\"ListItem\",\"position\":2,\"name\":\"Mapa web\"}]},{\"@type\":\"WebSite\",\"@id\":\"https:\/\/comnoubcn.com\/#website\",\"url\":\"https:\/\/comnoubcn.com\/\",\"name\":\"Com Nou\",\"description\":\"Restauraci\u00f3n y embellecimiento autom\u00f3vil en toda Espa\u00f1a\",\"publisher\":{\"@id\":\"https:\/\/comnoubcn.com\/#organization\"},\"potentialAction\":[{\"@type\":\"SearchAction\",\"target\":{\"@type\":\"EntryPoint\",\"urlTemplate\":\"https:\/\/comnoubcn.com\/?s={search_term_string}\"},\"query-input\":{\"@type\":\"PropertyValueSpecification\",\"valueRequired\":true,\"valueName\":\"search_term_string\"}}],\"inLanguage\":\"en-GB\"},{\"@type\":\"Organization\",\"@id\":\"https:\/\/comnoubcn.com\/#organization\",\"name\":\"Com Nou\",\"url\":\"https:\/\/comnoubcn.com\/\",\"logo\":{\"@type\":\"ImageObject\",\"inLanguage\":\"en-GB\",\"@id\":\"https:\/\/comnoubcn.com\/#\/schema\/logo\/image\/\",\"url\":\"https:\/\/comnoubcn.com\/wp-content\/uploads\/2024\/11\/logo.svg\",\"contentUrl\":\"https:\/\/comnoubcn.com\/wp-content\/uploads\/2024\/11\/logo.svg\",\"width\":620,\"height\":620,\"caption\":\"Com Nou\"},\"image\":{\"@id\":\"https:\/\/comnoubcn.com\/#\/schema\/logo\/image\/\"}}]}<\/script>\n<!-- \/ Yoast SEO plugin. -->","yoast_head_json":{"title":"Mapa web - Com Nou","robots":{"index":"index","follow":"follow","max-snippet":"max-snippet:-1","max-image-preview":"max-image-preview:large","max-video-preview":"max-video-preview:-1"},"canonical":"https:\/\/comnoubcn.com\/en\/mapa-web\/","og_locale":"en_GB","og_type":"article","og_title":"Mapa web - Com Nou","og_url":"https:\/\/comnoubcn.com\/en\/mapa-web\/","og_site_name":"Com Nou","article_modified_time":"2024-12-09T10:43:56+00:00","twitter_card":"summary_large_image","schema":{"@context":"https:\/\/schema.org","@graph":[{"@type":"WebPage","@id":"https:\/\/comnoubcn.com\/mapa-web\/","url":"https:\/\/comnoubcn.com\/mapa-web\/","name":"Mapa web - Com Nou","isPartOf":{"@id":"https:\/\/comnoubcn.com\/#website"},"datePublished":"2024-11-22T13:43:27+00:00","dateModified":"2024-12-09T10:43:56+00:00","breadcrumb":{"@id":"https:\/\/comnoubcn.com\/mapa-web\/#breadcrumb"},"inLanguage":"en-GB","potentialAction":[{"@type":"ReadAction","target":["https:\/\/comnoubcn.com\/mapa-web\/"]}]},{"@type":"BreadcrumbList","@id":"https:\/\/comnoubcn.com\/mapa-web\/#breadcrumb","itemListElement":[{"@type":"ListItem","position":1,"name":"Portada","item":"https:\/\/comnoubcn.com\/"},{"@type":"ListItem","position":2,"name":"Mapa web"}]},{"@type":"WebSite","@id":"https:\/\/comnoubcn.com\/#website","url":"https:\/\/comnoubcn.com\/","name":"With us","description":"Car restoration and beautification throughout Spain","publisher":{"@id":"https:\/\/comnoubcn.com\/#organization"},"potentialAction":[{"@type":"SearchAction","target":{"@type":"EntryPoint","urlTemplate":"https:\/\/comnoubcn.com\/?s={search_term_string}"},"query-input":{"@type":"PropertyValueSpecification","valueRequired":true,"valueName":"search_term_string"}}],"inLanguage":"en-GB"},{"@type":"Organization","@id":"https:\/\/comnoubcn.com\/#organization","name":"With us","url":"https:\/\/comnoubcn.com\/","logo":{"@type":"ImageObject","inLanguage":"en-GB","@id":"https:\/\/comnoubcn.com\/#\/schema\/logo\/image\/","url":"https:\/\/comnoubcn.com\/wp-content\/uploads\/2024\/11\/logo.svg","contentUrl":"https:\/\/comnoubcn.com\/wp-content\/uploads\/2024\/11\/logo.svg","width":620,"height":620,"caption":"Com Nou"},"image":{"@id":"https:\/\/comnoubcn.com\/#\/schema\/logo\/image\/"}}]}},"_links":{"self":[{"href":"https:\/\/comnoubcn.com\/en\/wp-json\/wp\/v2\/pages\/9","targetHints":{"allow":["GET"]}}],"collection":[{"href":"https:\/\/comnoubcn.com\/en\/wp-json\/wp\/v2\/pages"}],"about":[{"href":"https:\/\/comnoubcn.com\/en\/wp-json\/wp\/v2\/types\/page"}],"author":[{"embeddable":true,"href":"https:\/\/comnoubcn.com\/en\/wp-json\/wp\/v2\/users\/1"}],"replies":[{"embeddable":true,"href":"https:\/\/comnoubcn.com\/en\/wp-json\/wp\/v2\/comments?post=9"}],"version-history":[{"count":13,"href":"https:\/\/comnoubcn.com\/en\/wp-json\/wp\/v2\/pages\/9\/revisions"}],"predecessor-version":[{"id":1363,"href":"https:\/\/comnoubcn.com\/en\/wp-json\/wp\/v2\/pages\/9\/revisions\/1363"}],"wp:attachment":[{"href":"https:\/\/comnoubcn.com\/en\/wp-json\/wp\/v2\/media?parent=9"}],"curies":[{"name":"wp","href":"https:\/\/api.w.org\/{rel}","templated":true}]}}