{"id":12,"date":"2024-11-22T13:43:27","date_gmt":"2024-11-22T13:43:27","guid":{"rendered":"https:\/\/comnoubcn.com\/declaracion-de-accesibilidad\/"},"modified":"2024-12-09T10:44:01","modified_gmt":"2024-12-09T10:44:01","slug":"declaracion-de-accesibilidad","status":"publish","type":"page","link":"https:\/\/comnoubcn.com\/fr\/declaracion-de-accesibilidad\/","title":{"rendered":"D\u00e9claration d&#039;accessibilit\u00e9"},"content":{"rendered":"<style>.elementor-12 .elementor-element.elementor-element-13fdff2{--display:flex;--min-height:266px;--flex-direction:row;--container-widget-width:calc( ( 1 - var( --container-widget-flex-grow ) ) * 100% );--container-widget-height:100%;--container-widget-flex-grow:1;--container-widget-align-self:stretch;--flex-wrap-mobile:wrap;--align-items:stretch;--gap:10px 10px;--row-gap:10px;--column-gap:10px;--overlay-opacity:0.8;--padding-top:0em;--padding-bottom:0em;--padding-left:0em;--padding-right:0em;}.elementor-12 .elementor-element.elementor-element-13fdff2:not(.elementor-motion-effects-element-type-background), .elementor-12 .elementor-element.elementor-element-13fdff2 > .elementor-motion-effects-container > .elementor-motion-effects-layer{background-color:var( --e-global-color-103e9d5 );}.elementor-12 .elementor-element.elementor-element-13fdff2::before, .elementor-12 .elementor-element.elementor-element-13fdff2 > .elementor-background-video-container::before, .elementor-12 .elementor-element.elementor-element-13fdff2 > .e-con-inner > .elementor-background-video-container::before, .elementor-12 .elementor-element.elementor-element-13fdff2 > .elementor-background-slideshow::before, .elementor-12 .elementor-element.elementor-element-13fdff2 > .e-con-inner > .elementor-background-slideshow::before, .elementor-12 .elementor-element.elementor-element-13fdff2 > .elementor-motion-effects-container > .elementor-motion-effects-layer::before{--background-overlay:'';}.elementor-12 .elementor-element.elementor-element-6752aa14{--display:flex;--flex-direction:row;--container-widget-width:calc( ( 1 - var( --container-widget-flex-grow ) ) * 100% );--container-widget-height:100%;--container-widget-flex-grow:1;--container-widget-align-self:stretch;--flex-wrap-mobile:wrap;--justify-content:space-between;--align-items:center;--flex-wrap:wrap;--padding-top:7em;--padding-bottom:7em;--padding-left:0em;--padding-right:0em;}.elementor-12 .elementor-element.elementor-element-2950c6d1{width:100%;max-width:100%;text-align:left;}.elementor-12 .elementor-element.elementor-element-2950c6d1.xpro-widget-bg-overlay:before{transition:background 0.3s;}.elementor-12 .elementor-element.elementor-element-2950c6d1 .elementor-heading-title{color:#FFFFFF;}.elementor-12 .elementor-element.elementor-element-1f398d73{--display:flex;--padding-top:4em;--padding-bottom:04em;--padding-left:2em;--padding-right:2em;}.elementor-12 .elementor-element.elementor-element-6baeaae2.xpro-widget-bg-overlay:before{transition:background 0.3s;}:root{--page-title-display:none;}@media(max-width:1024px){.elementor-12 .elementor-element.elementor-element-13fdff2{--min-height:186px;--padding-top:0px;--padding-bottom:0px;--padding-left:40px;--padding-right:40px;}.elementor-12 .elementor-element.elementor-element-6752aa14{--padding-top:5em;--padding-bottom:5em;--padding-left:0em;--padding-right:0em;}.elementor-12 .elementor-element.elementor-element-1f398d73{--padding-top:40px;--padding-bottom:60px;--padding-left:40px;--padding-right:40px;}}@media(max-width:1024px) and (min-width:768px){.elementor-12 .elementor-element.elementor-element-13fdff2{--content-width:100%;}.elementor-12 .elementor-element.elementor-element-1f398d73{--content-width:100%;}}@media(max-width:767px){.elementor-12 .elementor-element.elementor-element-13fdff2{--content-width:100%;--min-height:138px;--justify-content:center;--margin-top:0em;--margin-bottom:0em;--margin-left:0em;--margin-right:0em;--padding-top:0em;--padding-bottom:0em;--padding-left:0em;--padding-right:0em;}.elementor-12 .elementor-element.elementor-element-6752aa14{--flex-direction:column;--container-widget-width:100%;--container-widget-height:initial;--container-widget-flex-grow:0;--container-widget-align-self:initial;--flex-wrap-mobile:wrap;--justify-content:center;--padding-top:3em;--padding-bottom:3em;--padding-left:1em;--padding-right:1em;}.elementor-12 .elementor-element.elementor-element-2950c6d1{text-align:center;}.elementor-12 .elementor-element.elementor-element-1f398d73{--content-width:100%;--padding-top:40px;--padding-bottom:40px;--padding-left:20px;--padding-right:20px;}}<\/style>\t\t<div data-elementor-type=\"wp-page\" data-elementor-id=\"12\" class=\"elementor elementor-12\" data-elementor-post-type=\"page\">\n\t\t\t\t<div class=\"elementor-element elementor-element-13fdff2 e-flex e-con-boxed e-con e-parent\" data-id=\"13fdff2\" data-element_type=\"container\" data-settings=\"{&quot;background_background&quot;:&quot;classic&quot;}\">\n\t\t\t\t\t<div class=\"e-con-inner\">\n\t\t<div class=\"elementor-element elementor-element-6752aa14 e-con-full e-flex e-con e-child\" data-id=\"6752aa14\" data-element_type=\"container\">\n\t\t\t\t<div class=\"elementor-element elementor-element-2950c6d1 elementor-widget__width-inherit elementor-widget elementor-widget-heading\" data-id=\"2950c6d1\" data-element_type=\"widget\" data-widget_type=\"heading.default\">\n\t\t\t\t<div class=\"elementor-widget-container\">\n\t\t\t\t\t<h1 class=\"elementor-heading-title elementor-size-default\">D\u00e9claration d&#039;accessibilit\u00e9<\/h1>\t\t\t\t<\/div>\n\t\t\t\t<\/div>\n\t\t\t\t<\/div>\n\t\t\t\t\t<\/div>\n\t\t\t\t<\/div>\n\t\t<div class=\"elementor-element elementor-element-1f398d73 e-flex e-con-boxed e-con e-parent\" data-id=\"1f398d73\" data-element_type=\"container\">\n\t\t\t\t\t<div class=\"e-con-inner\">\n\t\t\t\t<div class=\"elementor-element elementor-element-6baeaae2 elementor-widget elementor-widget-text-editor\" data-id=\"6baeaae2\" data-element_type=\"widget\" data-widget_type=\"text-editor.default\">\n\t\t\t\t<div class=\"elementor-widget-container\">\n\t\t\t\t\t\t\t\t\t<p><span style=\"text-align: var(--text-align); color: var( --e-global-color-text ); font-family: var( --e-global-typography-text-font-family ), Sans-serif; font-size: var( --e-global-typography-text-font-size ); font-weight: var( --e-global-typography-text-font-weight );\">HELL\u00c9NIQUE DE L&#039;AIDE BALTODANO CARBALLO<\/span> avec NIF Y9326582G s&#039;est engag\u00e9 \u00e0 rendre son site Web accessible, conform\u00e9ment au d\u00e9cret royal 1112\/2018, du 7 septembre, sur l&#039;accessibilit\u00e9 des sites Web et des applications mobiles dans le secteur public. Cette d\u00e9claration d&#039;accessibilit\u00e9 s&#039;applique \u00e0 ce site Web.<\/p><h3 class=\"wp-block-heading\">\u00c9tat de conformit\u00e9<\/h3><p>Ce site Web est d\u00e9velopp\u00e9 conform\u00e9ment au RD 1112\/2018<\/p><h3 class=\"wp-block-heading\">Pr\u00e9paration de la prochaine d\u00e9claration d\u2019accessibilit\u00e9<\/h3><p>Cette d\u00e9claration a \u00e9t\u00e9 pr\u00e9par\u00e9e le 20 mai 2023.<\/p><p>La m\u00e9thode utilis\u00e9e pour pr\u00e9parer la d\u00e9claration \u00e9tait une auto-\u00e9valuation.<\/p><h3 class=\"wp-block-heading\">Contenu optionnel<\/h3><p>Vous pouvez faire des communications sur les exigences d&#039;accessibilit\u00e9 (article 10.2.a du RD 1112\/2018) telles que :<\/p><ul><li>Signaler toute violation potentielle de ce site Web<\/li><li>Transmettre d&#039;autres difficult\u00e9s d&#039;acc\u00e8s au contenu<\/li><li>Posez toutes autres questions ou suggestions d&#039;am\u00e9lioration concernant l&#039;accessibilit\u00e9 du site via le\u00a0<a href=\"\/fr\/contacto\/\">Formulaire de contact<\/a> \u00e0 partir de ce site ou par t\u00e9l\u00e9phone au num\u00e9ro : +34 678 974 139<\/li><\/ul><p>Vous pouvez pr\u00e9senter :<\/p><ul><li>R\u00e9clamation concernant le respect des exigences du RD 1112\/2018<\/li><li>Demande d&#039;information accessible relative \u00e0 :<ul><li>Contenus exclus du champ d&#039;application du RD 1112\/2018 comme \u00e9tabli \u00e0 l&#039;article 3, section 4<\/li><li>Contenu exempt\u00e9 de la conformit\u00e9 aux exigences d&#039;accessibilit\u00e9 pour imposer une charge disproportionn\u00e9e<\/li><li>Dans la demande d\u2019information accessible, les faits, les motifs et la demande doivent \u00eatre clairement pr\u00e9cis\u00e9s afin de v\u00e9rifier qu\u2019il s\u2019agit d\u2019une demande raisonnable et l\u00e9gitime.<\/li><\/ul><\/li><\/ul><p>Les plaintes et r\u00e9clamations concernant les informations accessibles seront formul\u00e9es via le bureau \u00e9lectronique (<a href=\"https:\/\/sede.red.gob.es\/procedimientos\/quejas-y-sugerencias\" target=\"_blank\" rel=\"noreferrer noopener\">https:\/\/sede.red.gob.es\/procedimientos\/quejas-y-sugerencias<\/a>), et seront re\u00e7ues et trait\u00e9es par le d\u00e9partement des Syst\u00e8mes d&#039;Information de Red.es.<\/p><h3 class=\"wp-block-heading\">Commentaires et coordonn\u00e9es<\/h3><ul><li>Si vous souhaitez modifier la taille de la police du texte dans les principaux navigateurs graphiques, utilisez les menus suivants\u00a0:<\/li><li>Safari\u00a0: Affichage\u00a0&gt; Agrandir le texte<\/li><li>Chrome : Contr\u00f4ler la page actuelle &gt; Taille du texte<\/li><\/ul><p>Pour redimensionner tout sur la page\u00a0:<\/p><ul><li>Ctrl++ pour l&#039;augmenter<\/li><li>Ctrl + \u2013 pour le diminuer<\/li><li>Ctrl + 0 restaure la taille du texte d&#039;origine<\/li><li>Si vous souhaitez remplacer la feuille de style ou modifier la couleur du texte, vous pouvez consulter la page Comment modifier la taille ou les couleurs du texte du WAI, qui peut \u00eatre lue traduite en espagnol \u00e0 l&#039;adresse Comment modifier la taille ou les couleurs du texte ?<\/li><\/ul>\t\t\t\t\t\t\t\t<\/div>\n\t\t\t\t<\/div>\n\t\t\t\t\t<\/div>\n\t\t\t\t<\/div>\n\t\t\t\t<\/div>","protected":false},"excerpt":{"rendered":"<p>HELLEN DEL SOCORRO BALTODANO CARBALLO avec NIF Y9326582G s&#039;est engag\u00e9 \u00e0 rendre son site Web accessible, conform\u00e9ment au d\u00e9cret royal 1112\/2018, du 7 septembre, sur l&#039;accessibilit\u00e9 des sites Web et des applications pour appareils mobiles dans le secteur public. Cette d\u00e9claration d\u2019accessibilit\u00e9 s\u2019applique \u00e0 ce site Web. \u00c9tat de conformit\u00e9 Ce [\u2026]<\/p>","protected":false},"author":1,"featured_media":0,"parent":0,"menu_order":0,"comment_status":"closed","ping_status":"closed","template":"","meta":{"footnotes":""},"class_list":["post-12","page","type-page","status-publish","hentry"],"yoast_head":"<!-- This site is optimized with the Yoast SEO plugin v26.4 - https:\/\/yoast.com\/wordpress\/plugins\/seo\/ -->\n<title>Declaraci\u00f3n de accesibilidad - Com Nou<\/title>\n<meta name=\"robots\" content=\"index, follow, max-snippet:-1, max-image-preview:large, max-video-preview:-1\" \/>\n<link rel=\"canonical\" href=\"https:\/\/comnoubcn.com\/fr\/declaracion-de-accesibilidad\/\" \/>\n<meta property=\"og:locale\" content=\"fr_FR\" \/>\n<meta property=\"og:type\" content=\"article\" \/>\n<meta property=\"og:title\" content=\"Declaraci\u00f3n de accesibilidad - Com Nou\" \/>\n<meta property=\"og:description\" content=\"HELLEN DEL SOCORRO BALTODANO CARBALLO con NIF Y9326582G se ha comprometido a hacer accesible su sitio web, de conformidad con el Real Decreto 1112\/2018, de 7 de septiembre, sobre accesibilidad de los sitios web y aplicaciones para dispositivos m\u00f3viles del sector p\u00fablico. Esta declaraci\u00f3n de accesibilidad se aplica a esta web. Situaci\u00f3n de cumplimiento Este [&hellip;]\" \/>\n<meta property=\"og:url\" content=\"https:\/\/comnoubcn.com\/fr\/declaracion-de-accesibilidad\/\" \/>\n<meta property=\"og:site_name\" content=\"Com Nou\" \/>\n<meta property=\"article:modified_time\" content=\"2024-12-09T10:44:01+00:00\" \/>\n<meta name=\"twitter:card\" content=\"summary_large_image\" \/>\n<meta name=\"twitter:label1\" content=\"Dur\u00e9e de lecture estim\u00e9e\" \/>\n\t<meta name=\"twitter:data1\" content=\"2 minutes\" \/>\n<script type=\"application\/ld+json\" class=\"yoast-schema-graph\">{\"@context\":\"https:\/\/schema.org\",\"@graph\":[{\"@type\":\"WebPage\",\"@id\":\"https:\/\/comnoubcn.com\/declaracion-de-accesibilidad\/\",\"url\":\"https:\/\/comnoubcn.com\/declaracion-de-accesibilidad\/\",\"name\":\"Declaraci\u00f3n de accesibilidad - Com Nou\",\"isPartOf\":{\"@id\":\"https:\/\/comnoubcn.com\/#website\"},\"datePublished\":\"2024-11-22T13:43:27+00:00\",\"dateModified\":\"2024-12-09T10:44:01+00:00\",\"breadcrumb\":{\"@id\":\"https:\/\/comnoubcn.com\/declaracion-de-accesibilidad\/#breadcrumb\"},\"inLanguage\":\"fr-FR\",\"potentialAction\":[{\"@type\":\"ReadAction\",\"target\":[\"https:\/\/comnoubcn.com\/declaracion-de-accesibilidad\/\"]}]},{\"@type\":\"BreadcrumbList\",\"@id\":\"https:\/\/comnoubcn.com\/declaracion-de-accesibilidad\/#breadcrumb\",\"itemListElement\":[{\"@type\":\"ListItem\",\"position\":1,\"name\":\"Portada\",\"item\":\"https:\/\/comnoubcn.com\/\"},{\"@type\":\"ListItem\",\"position\":2,\"name\":\"Declaraci\u00f3n de accesibilidad\"}]},{\"@type\":\"WebSite\",\"@id\":\"https:\/\/comnoubcn.com\/#website\",\"url\":\"https:\/\/comnoubcn.com\/\",\"name\":\"Com Nou\",\"description\":\"Restauraci\u00f3n y embellecimiento autom\u00f3vil en toda Espa\u00f1a\",\"publisher\":{\"@id\":\"https:\/\/comnoubcn.com\/#organization\"},\"potentialAction\":[{\"@type\":\"SearchAction\",\"target\":{\"@type\":\"EntryPoint\",\"urlTemplate\":\"https:\/\/comnoubcn.com\/?s={search_term_string}\"},\"query-input\":{\"@type\":\"PropertyValueSpecification\",\"valueRequired\":true,\"valueName\":\"search_term_string\"}}],\"inLanguage\":\"fr-FR\"},{\"@type\":\"Organization\",\"@id\":\"https:\/\/comnoubcn.com\/#organization\",\"name\":\"Com Nou\",\"url\":\"https:\/\/comnoubcn.com\/\",\"logo\":{\"@type\":\"ImageObject\",\"inLanguage\":\"fr-FR\",\"@id\":\"https:\/\/comnoubcn.com\/#\/schema\/logo\/image\/\",\"url\":\"https:\/\/comnoubcn.com\/wp-content\/uploads\/2024\/11\/logo.svg\",\"contentUrl\":\"https:\/\/comnoubcn.com\/wp-content\/uploads\/2024\/11\/logo.svg\",\"width\":620,\"height\":620,\"caption\":\"Com Nou\"},\"image\":{\"@id\":\"https:\/\/comnoubcn.com\/#\/schema\/logo\/image\/\"}}]}<\/script>\n<!-- \/ Yoast SEO plugin. -->","yoast_head_json":{"title":"D\u00e9claration d&#039;accessibilit\u00e9 - Com Nou","robots":{"index":"index","follow":"follow","max-snippet":"max-snippet:-1","max-image-preview":"max-image-preview:large","max-video-preview":"max-video-preview:-1"},"canonical":"https:\/\/comnoubcn.com\/fr\/declaracion-de-accesibilidad\/","og_locale":"fr_FR","og_type":"article","og_title":"Declaraci\u00f3n de accesibilidad - Com Nou","og_description":"HELLEN DEL SOCORRO BALTODANO CARBALLO con NIF Y9326582G se ha comprometido a hacer accesible su sitio web, de conformidad con el Real Decreto 1112\/2018, de 7 de septiembre, sobre accesibilidad de los sitios web y aplicaciones para dispositivos m\u00f3viles del sector p\u00fablico. Esta declaraci\u00f3n de accesibilidad se aplica a esta web. Situaci\u00f3n de cumplimiento Este [&hellip;]","og_url":"https:\/\/comnoubcn.com\/fr\/declaracion-de-accesibilidad\/","og_site_name":"Com Nou","article_modified_time":"2024-12-09T10:44:01+00:00","twitter_card":"summary_large_image","twitter_misc":{"Dur\u00e9e de lecture estim\u00e9e":"2 minutes"},"schema":{"@context":"https:\/\/schema.org","@graph":[{"@type":"WebPage","@id":"https:\/\/comnoubcn.com\/declaracion-de-accesibilidad\/","url":"https:\/\/comnoubcn.com\/declaracion-de-accesibilidad\/","name":"D\u00e9claration d&#039;accessibilit\u00e9 - Com Nou","isPartOf":{"@id":"https:\/\/comnoubcn.com\/#website"},"datePublished":"2024-11-22T13:43:27+00:00","dateModified":"2024-12-09T10:44:01+00:00","breadcrumb":{"@id":"https:\/\/comnoubcn.com\/declaracion-de-accesibilidad\/#breadcrumb"},"inLanguage":"fr-FR","potentialAction":[{"@type":"ReadAction","target":["https:\/\/comnoubcn.com\/declaracion-de-accesibilidad\/"]}]},{"@type":"BreadcrumbList","@id":"https:\/\/comnoubcn.com\/declaracion-de-accesibilidad\/#breadcrumb","itemListElement":[{"@type":"ListItem","position":1,"name":"Portada","item":"https:\/\/comnoubcn.com\/"},{"@type":"ListItem","position":2,"name":"Declaraci\u00f3n de accesibilidad"}]},{"@type":"WebSite","@id":"https:\/\/comnoubcn.com\/#website","url":"https:\/\/comnoubcn.com\/","name":"Avec nous","description":"Restauration et embellissement de voitures dans toute l&#039;Espagne","publisher":{"@id":"https:\/\/comnoubcn.com\/#organization"},"potentialAction":[{"@type":"SearchAction","target":{"@type":"EntryPoint","urlTemplate":"https:\/\/comnoubcn.com\/?s={search_term_string}"},"query-input":{"@type":"PropertyValueSpecification","valueRequired":true,"valueName":"search_term_string"}}],"inLanguage":"fr-FR"},{"@type":"Organization","@id":"https:\/\/comnoubcn.com\/#organization","name":"Avec nous","url":"https:\/\/comnoubcn.com\/","logo":{"@type":"ImageObject","inLanguage":"fr-FR","@id":"https:\/\/comnoubcn.com\/#\/schema\/logo\/image\/","url":"https:\/\/comnoubcn.com\/wp-content\/uploads\/2024\/11\/logo.svg","contentUrl":"https:\/\/comnoubcn.com\/wp-content\/uploads\/2024\/11\/logo.svg","width":620,"height":620,"caption":"Com Nou"},"image":{"@id":"https:\/\/comnoubcn.com\/#\/schema\/logo\/image\/"}}]}},"_links":{"self":[{"href":"https:\/\/comnoubcn.com\/fr\/wp-json\/wp\/v2\/pages\/12","targetHints":{"allow":["GET"]}}],"collection":[{"href":"https:\/\/comnoubcn.com\/fr\/wp-json\/wp\/v2\/pages"}],"about":[{"href":"https:\/\/comnoubcn.com\/fr\/wp-json\/wp\/v2\/types\/page"}],"author":[{"embeddable":true,"href":"https:\/\/comnoubcn.com\/fr\/wp-json\/wp\/v2\/users\/1"}],"replies":[{"embeddable":true,"href":"https:\/\/comnoubcn.com\/fr\/wp-json\/wp\/v2\/comments?post=12"}],"version-history":[{"count":16,"href":"https:\/\/comnoubcn.com\/fr\/wp-json\/wp\/v2\/pages\/12\/revisions"}],"predecessor-version":[{"id":1366,"href":"https:\/\/comnoubcn.com\/fr\/wp-json\/wp\/v2\/pages\/12\/revisions\/1366"}],"wp:attachment":[{"href":"https:\/\/comnoubcn.com\/fr\/wp-json\/wp\/v2\/media?parent=12"}],"curies":[{"name":"wp","href":"https:\/\/api.w.org\/{rel}","templated":true}]}}