{"id":51,"date":"2024-11-27T21:47:43","date_gmt":"2024-11-27T21:47:43","guid":{"rendered":"https:\/\/comnoubcn.com\/?page_id=51"},"modified":"2024-12-16T11:34:57","modified_gmt":"2024-12-16T11:34:57","slug":"proyectos","status":"publish","type":"page","link":"https:\/\/comnoubcn.com\/fr\/proyectos\/","title":{"rendered":"Projets"},"content":{"rendered":"<style>.elementor-51 .elementor-element.elementor-element-27f7e42{--display:flex;--min-height:50vh;--flex-direction:column;--container-widget-width:100%;--container-widget-height:initial;--container-widget-flex-grow:0;--container-widget-align-self:initial;--flex-wrap-mobile:wrap;--justify-content:center;--overlay-opacity:0.5;--margin-top:0px;--margin-bottom:0px;--margin-left:0px;--margin-right:0px;--padding-top:0px;--padding-bottom:0px;--padding-left:0px;--padding-right:0px;}.elementor-51 .elementor-element.elementor-element-27f7e42:not(.elementor-motion-effects-element-type-background), .elementor-51 .elementor-element.elementor-element-27f7e42 > .elementor-motion-effects-container > .elementor-motion-effects-layer{background-image:url(\"https:\/\/comnoubcn.com\/wp-content\/uploads\/2024\/12\/3.jpg\");background-position:center center;background-repeat:no-repeat;background-size:cover;}.elementor-51 .elementor-element.elementor-element-27f7e42::before, .elementor-51 .elementor-element.elementor-element-27f7e42 > .elementor-background-video-container::before, .elementor-51 .elementor-element.elementor-element-27f7e42 > .e-con-inner > .elementor-background-video-container::before, .elementor-51 .elementor-element.elementor-element-27f7e42 > .elementor-background-slideshow::before, .elementor-51 .elementor-element.elementor-element-27f7e42 > .e-con-inner > .elementor-background-slideshow::before, .elementor-51 .elementor-element.elementor-element-27f7e42 > .elementor-motion-effects-container > .elementor-motion-effects-layer::before{background-color:var( --e-global-color-secondary );--background-overlay:'';}.elementor-51 .elementor-element.elementor-element-aee9bfe{--display:flex;--padding-top:0px;--padding-bottom:0px;--padding-left:0px;--padding-right:0px;}.elementor-51 .elementor-element.elementor-element-46232ac.xpro-widget-bg-overlay:before{transition:background 0.3s;}.elementor-51 .elementor-element.elementor-element-46232ac{text-align:center;}.elementor-51 .elementor-element.elementor-element-46232ac .elementor-heading-title{color:var( --e-global-color-accent );}.elementor-51 .elementor-element.elementor-element-91d46cb{--display:flex;--align-items:center;--container-widget-width:calc( ( 1 - var( --container-widget-flex-grow ) ) * 100% );--padding-top:80px;--padding-bottom:80px;--padding-left:0px;--padding-right:0px;}.elementor-51 .elementor-element.elementor-element-e39a257{width:var( --container-widget-width, 70% );max-width:70%;--container-widget-width:70%;--container-widget-flex-grow:0;text-align:center;}.elementor-51 .elementor-element.elementor-element-e39a257.xpro-widget-bg-overlay:before{transition:background 0.3s;}.elementor-51 .elementor-element.elementor-element-3c44ec7{--display:grid;--e-con-grid-template-columns:repeat(2, 1fr);--e-con-grid-template-rows:repeat(1, 1fr);--grid-auto-flow:row;--padding-top:0px;--padding-bottom:80px;--padding-left:0px;--padding-right:0px;}.elementor-51 .elementor-element.elementor-element-91dc371.xpro-widget-bg-overlay:before{transition:background 0.3s;}.elementor-51 .elementor-element.elementor-element-91dc371 .xpro-compare-overlay .xpro-compare-before-label{top:50%;transform:translateY(-50%);}.elementor-51 .elementor-element.elementor-element-91dc371 .xpro-compare-overlay .xpro-compare-after-label{top:50%;transform:translateY(-50%);}.elementor-51 .elementor-element.elementor-element-552feff.xpro-widget-bg-overlay:before{transition:background 0.3s;}.elementor-51 .elementor-element.elementor-element-552feff .xpro-compare-overlay .xpro-compare-before-label{top:50%;transform:translateY(-50%);}.elementor-51 .elementor-element.elementor-element-552feff .xpro-compare-overlay .xpro-compare-after-label{top:50%;transform:translateY(-50%);}:root{--page-title-display:none;}@media(max-width:1024px){.elementor-51 .elementor-element.elementor-element-27f7e42{--min-height:40vh;--margin-top:0px;--margin-bottom:0px;--margin-left:0px;--margin-right:0px;--padding-top:100px;--padding-bottom:100px;--padding-left:20px;--padding-right:20px;}.elementor-51 .elementor-element.elementor-element-aee9bfe{--gap:10px 10px;--row-gap:10px;--column-gap:10px;}.elementor-51 .elementor-element.elementor-element-91d46cb{--padding-top:60px;--padding-bottom:40px;--padding-left:40px;--padding-right:40px;}.elementor-51 .elementor-element.elementor-element-e39a257{--container-widget-width:100%;--container-widget-flex-grow:0;width:var( --container-widget-width, 100% );max-width:100%;}.elementor-51 .elementor-element.elementor-element-3c44ec7{--grid-auto-flow:row;--padding-top:0px;--padding-bottom:60px;--padding-left:0px;--padding-right:0px;}}@media(max-width:767px){.elementor-51 .elementor-element.elementor-element-27f7e42{--min-height:35vh;--margin-top:0px;--margin-bottom:0px;--margin-left:0px;--margin-right:0px;--padding-top:0px;--padding-bottom:0px;--padding-left:0px;--padding-right:0px;}.elementor-51 .elementor-element.elementor-element-91d46cb{--padding-top:40px;--padding-bottom:20px;--padding-left:0px;--padding-right:0px;}.elementor-51 .elementor-element.elementor-element-e39a257{--container-widget-width:200%;--container-widget-flex-grow:0;width:var( --container-widget-width, 200% );max-width:200%;}.elementor-51 .elementor-element.elementor-element-3c44ec7{--e-con-grid-template-columns:repeat(1, 1fr);--e-con-grid-template-rows:repeat(1, 1fr);--grid-auto-flow:row;}}@media(min-width:768px){.elementor-51 .elementor-element.elementor-element-27f7e42{--content-width:1290px;}.elementor-51 .elementor-element.elementor-element-aee9bfe{--content-width:1290px;}}@media(max-width:1024px) and (min-width:768px){.elementor-51 .elementor-element.elementor-element-91d46cb{--content-width:100%;}}<\/style>\t\t<div data-elementor-type=\"wp-page\" data-elementor-id=\"51\" class=\"elementor elementor-51\" data-elementor-post-type=\"page\">\n\t\t\t\t<div class=\"elementor-element elementor-element-27f7e42 e-flex e-con-boxed e-con e-parent\" data-id=\"27f7e42\" data-element_type=\"container\" data-settings=\"{&quot;background_background&quot;:&quot;classic&quot;}\">\n\t\t\t\t\t<div class=\"e-con-inner\">\n\t\t<div class=\"elementor-element elementor-element-aee9bfe e-flex e-con-boxed e-con e-child\" data-id=\"aee9bfe\" data-element_type=\"container\">\n\t\t\t\t\t<div class=\"e-con-inner\">\n\t\t\t\t<div class=\"elementor-element elementor-element-46232ac elementor-widget elementor-widget-heading\" data-id=\"46232ac\" data-element_type=\"widget\" data-widget_type=\"heading.default\">\n\t\t\t\t<div class=\"elementor-widget-container\">\n\t\t\t\t\t<h1 class=\"elementor-heading-title elementor-size-default\">Projets<\/h1>\t\t\t\t<\/div>\n\t\t\t\t<\/div>\n\t\t\t\t\t<\/div>\n\t\t\t\t<\/div>\n\t\t\t\t\t<\/div>\n\t\t\t\t<\/div>\n\t\t<div class=\"elementor-element elementor-element-91d46cb e-flex e-con-boxed e-con e-parent\" data-id=\"91d46cb\" data-element_type=\"container\">\n\t\t\t\t\t<div class=\"e-con-inner\">\n\t\t\t\t<div class=\"elementor-element elementor-element-e39a257 elementor-widget__width-initial elementor-widget elementor-widget-text-editor\" data-id=\"e39a257\" data-element_type=\"widget\" data-widget_type=\"text-editor.default\">\n\t\t\t\t<div class=\"elementor-widget-container\">\n\t\t\t\t\t\t\t\t\t<p>Chez Com Nou, nous vous invitons \u00e0 d\u00e9couvrir notre galerie de projets, o\u00f9 nous montrons les transformations les plus impressionnantes de v\u00e9hicules restaur\u00e9s et personnalis\u00e9s. D\u00e9couvrez notre travail et trouvez l&#039;inspiration pour renouveler l&#039;int\u00e9rieur de votre voiture.<\/p>\t\t\t\t\t\t\t\t<\/div>\n\t\t\t\t<\/div>\n\t\t\t\t\t<\/div>\n\t\t\t\t<\/div>\n\t\t<div class=\"elementor-element elementor-element-3c44ec7 e-grid e-con-boxed e-con e-parent\" data-id=\"3c44ec7\" data-element_type=\"container\">\n\t\t\t\t\t<div class=\"e-con-inner\">\n\t\t\t\t<div class=\"elementor-element elementor-element-91dc371 elementor-widget elementor-widget-xpro-before-after\" data-id=\"91dc371\" data-element_type=\"widget\" data-settings=\"{&quot;orientation&quot;:&quot;horizontal&quot;,&quot;visible_ratio&quot;:{&quot;unit&quot;:&quot;px&quot;,&quot;size&quot;:50,&quot;sizes&quot;:[]}}\" data-widget_type=\"xpro-before-after.default\">\n\t\t\t\t<div class=\"elementor-widget-container\">\n\t\t\t\t\t<!--Compare Wrapper-->\r\n<div class=\"xpro-compare-wrapper xpro-compare-handle-show-always xpro-compare-label-show-always\">\r\n\t<!-- Compare Item -->\r\n\t<div class=\"xpro-compare-item\">\r\n\t\t<img fetchpriority=\"high\" decoding=\"async\" width=\"800\" height=\"450\" src=\"https:\/\/comnoubcn.com\/wp-content\/uploads\/2024\/12\/11-1024x576.jpg\" class=\"attachment-large size-large\" alt=\"\" srcset=\"https:\/\/comnoubcn.com\/wp-content\/uploads\/2024\/12\/11-1024x576.jpg 1024w, https:\/\/comnoubcn.com\/wp-content\/uploads\/2024\/12\/11-300x169.jpg 300w, https:\/\/comnoubcn.com\/wp-content\/uploads\/2024\/12\/11-768x432.jpg 768w, https:\/\/comnoubcn.com\/wp-content\/uploads\/2024\/12\/11-1536x864.jpg 1536w, https:\/\/comnoubcn.com\/wp-content\/uploads\/2024\/12\/11.jpg 1920w\" sizes=\"(max-width: 800px) 100vw, 800px\" \/><img decoding=\"async\" width=\"800\" height=\"450\" src=\"https:\/\/comnoubcn.com\/wp-content\/uploads\/2024\/12\/8-1024x576.jpg\" class=\"attachment-large size-large\" alt=\"\" srcset=\"https:\/\/comnoubcn.com\/wp-content\/uploads\/2024\/12\/8-1024x576.jpg 1024w, https:\/\/comnoubcn.com\/wp-content\/uploads\/2024\/12\/8-300x169.jpg 300w, https:\/\/comnoubcn.com\/wp-content\/uploads\/2024\/12\/8-768x432.jpg 768w, https:\/\/comnoubcn.com\/wp-content\/uploads\/2024\/12\/8-1536x864.jpg 1536w, https:\/\/comnoubcn.com\/wp-content\/uploads\/2024\/12\/8.jpg 1920w\" sizes=\"(max-width: 800px) 100vw, 800px\" \/>\t\t<!--Label-->\r\n\t\t<div class=\"xpro-compare-overlay\">\r\n\t\t\t\t\t\t\t\t<\/div>\r\n\r\n\t<\/div>\r\n<\/div>\r\n\t\t\t\t<\/div>\n\t\t\t\t<\/div>\n\t\t\t\t<div class=\"elementor-element elementor-element-552feff elementor-widget elementor-widget-xpro-before-after\" data-id=\"552feff\" data-element_type=\"widget\" data-settings=\"{&quot;orientation&quot;:&quot;horizontal&quot;,&quot;visible_ratio&quot;:{&quot;unit&quot;:&quot;px&quot;,&quot;size&quot;:50,&quot;sizes&quot;:[]}}\" data-widget_type=\"xpro-before-after.default\">\n\t\t\t\t<div class=\"elementor-widget-container\">\n\t\t\t\t\t<!--Compare Wrapper-->\r\n<div class=\"xpro-compare-wrapper xpro-compare-handle-show-always xpro-compare-label-show-always\">\r\n\t<!-- Compare Item -->\r\n\t<div class=\"xpro-compare-item\">\r\n\t\t<img fetchpriority=\"high\" decoding=\"async\" width=\"800\" height=\"450\" src=\"https:\/\/comnoubcn.com\/wp-content\/uploads\/2024\/12\/11-1024x576.jpg\" class=\"attachment-large size-large\" alt=\"\" srcset=\"https:\/\/comnoubcn.com\/wp-content\/uploads\/2024\/12\/11-1024x576.jpg 1024w, https:\/\/comnoubcn.com\/wp-content\/uploads\/2024\/12\/11-300x169.jpg 300w, https:\/\/comnoubcn.com\/wp-content\/uploads\/2024\/12\/11-768x432.jpg 768w, https:\/\/comnoubcn.com\/wp-content\/uploads\/2024\/12\/11-1536x864.jpg 1536w, https:\/\/comnoubcn.com\/wp-content\/uploads\/2024\/12\/11.jpg 1920w\" sizes=\"(max-width: 800px) 100vw, 800px\" \/><img decoding=\"async\" width=\"800\" height=\"450\" src=\"https:\/\/comnoubcn.com\/wp-content\/uploads\/2024\/12\/8-1024x576.jpg\" class=\"attachment-large size-large\" alt=\"\" srcset=\"https:\/\/comnoubcn.com\/wp-content\/uploads\/2024\/12\/8-1024x576.jpg 1024w, https:\/\/comnoubcn.com\/wp-content\/uploads\/2024\/12\/8-300x169.jpg 300w, https:\/\/comnoubcn.com\/wp-content\/uploads\/2024\/12\/8-768x432.jpg 768w, https:\/\/comnoubcn.com\/wp-content\/uploads\/2024\/12\/8-1536x864.jpg 1536w, https:\/\/comnoubcn.com\/wp-content\/uploads\/2024\/12\/8.jpg 1920w\" sizes=\"(max-width: 800px) 100vw, 800px\" \/>\t\t<!--Label-->\r\n\t\t<div class=\"xpro-compare-overlay\">\r\n\t\t\t\t\t\t\t\t<\/div>\r\n\r\n\t<\/div>\r\n<\/div>\r\n\t\t\t\t<\/div>\n\t\t\t\t<\/div>\n\t\t\t\t\t<\/div>\n\t\t\t\t<\/div>\n\t\t\t\t<\/div>","protected":false},"excerpt":{"rendered":"<p>Chez Com Nou, nous vous invitons \u00e0 d\u00e9couvrir notre galerie de projets, o\u00f9 nous montrons les transformations les plus impressionnantes de v\u00e9hicules restaur\u00e9s et personnalis\u00e9s. D\u00e9couvrez notre travail et trouvez l&#039;inspiration pour renouveler l&#039;int\u00e9rieur de votre voiture.<\/p>","protected":false},"author":2,"featured_media":0,"parent":0,"menu_order":0,"comment_status":"closed","ping_status":"closed","template":"","meta":{"footnotes":""},"class_list":["post-51","page","type-page","status-publish","hentry"],"yoast_head":"<!-- This site is optimized with the Yoast SEO plugin v26.4 - https:\/\/yoast.com\/wordpress\/plugins\/seo\/ -->\n<title>Proyectos - Com Nou<\/title>\n<meta name=\"robots\" content=\"index, follow, max-snippet:-1, max-image-preview:large, max-video-preview:-1\" \/>\n<link rel=\"canonical\" href=\"https:\/\/comnoubcn.com\/fr\/proyectos\/\" \/>\n<meta property=\"og:locale\" content=\"fr_FR\" \/>\n<meta property=\"og:type\" content=\"article\" \/>\n<meta property=\"og:title\" content=\"Proyectos - Com Nou\" \/>\n<meta property=\"og:description\" content=\"En Com Nou, te invitamos a descubrir nuestra galer\u00eda de proyectos, donde mostramos las transformaciones m\u00e1s impresionantes de veh\u00edculos restaurados y personalizados. Explora nuestros trabajos y encuentra inspiraci\u00f3n para renovar el interior de tu coche.\" \/>\n<meta property=\"og:url\" content=\"https:\/\/comnoubcn.com\/fr\/proyectos\/\" \/>\n<meta property=\"og:site_name\" content=\"Com Nou\" \/>\n<meta property=\"article:modified_time\" content=\"2024-12-16T11:34:57+00:00\" \/>\n<meta property=\"og:image\" content=\"https:\/\/comnoubcn.com\/wp-content\/uploads\/2024\/12\/11-1024x576.jpg\" \/>\n<meta name=\"twitter:card\" content=\"summary_large_image\" \/>\n<script type=\"application\/ld+json\" class=\"yoast-schema-graph\">{\"@context\":\"https:\/\/schema.org\",\"@graph\":[{\"@type\":\"WebPage\",\"@id\":\"https:\/\/comnoubcn.com\/proyectos\/\",\"url\":\"https:\/\/comnoubcn.com\/proyectos\/\",\"name\":\"Proyectos - Com Nou\",\"isPartOf\":{\"@id\":\"https:\/\/comnoubcn.com\/#website\"},\"primaryImageOfPage\":{\"@id\":\"https:\/\/comnoubcn.com\/proyectos\/#primaryimage\"},\"image\":{\"@id\":\"https:\/\/comnoubcn.com\/proyectos\/#primaryimage\"},\"thumbnailUrl\":\"https:\/\/comnoubcn.com\/wp-content\/uploads\/2024\/12\/11-1024x576.jpg\",\"datePublished\":\"2024-11-27T21:47:43+00:00\",\"dateModified\":\"2024-12-16T11:34:57+00:00\",\"breadcrumb\":{\"@id\":\"https:\/\/comnoubcn.com\/proyectos\/#breadcrumb\"},\"inLanguage\":\"fr-FR\",\"potentialAction\":[{\"@type\":\"ReadAction\",\"target\":[\"https:\/\/comnoubcn.com\/proyectos\/\"]}]},{\"@type\":\"ImageObject\",\"inLanguage\":\"fr-FR\",\"@id\":\"https:\/\/comnoubcn.com\/proyectos\/#primaryimage\",\"url\":\"https:\/\/comnoubcn.com\/wp-content\/uploads\/2024\/12\/11-1024x576.jpg\",\"contentUrl\":\"https:\/\/comnoubcn.com\/wp-content\/uploads\/2024\/12\/11-1024x576.jpg\"},{\"@type\":\"BreadcrumbList\",\"@id\":\"https:\/\/comnoubcn.com\/proyectos\/#breadcrumb\",\"itemListElement\":[{\"@type\":\"ListItem\",\"position\":1,\"name\":\"Portada\",\"item\":\"https:\/\/comnoubcn.com\/\"},{\"@type\":\"ListItem\",\"position\":2,\"name\":\"Proyectos\"}]},{\"@type\":\"WebSite\",\"@id\":\"https:\/\/comnoubcn.com\/#website\",\"url\":\"https:\/\/comnoubcn.com\/\",\"name\":\"Com Nou\",\"description\":\"Restauraci\u00f3n y embellecimiento autom\u00f3vil en toda Espa\u00f1a\",\"publisher\":{\"@id\":\"https:\/\/comnoubcn.com\/#organization\"},\"potentialAction\":[{\"@type\":\"SearchAction\",\"target\":{\"@type\":\"EntryPoint\",\"urlTemplate\":\"https:\/\/comnoubcn.com\/?s={search_term_string}\"},\"query-input\":{\"@type\":\"PropertyValueSpecification\",\"valueRequired\":true,\"valueName\":\"search_term_string\"}}],\"inLanguage\":\"fr-FR\"},{\"@type\":\"Organization\",\"@id\":\"https:\/\/comnoubcn.com\/#organization\",\"name\":\"Com Nou\",\"url\":\"https:\/\/comnoubcn.com\/\",\"logo\":{\"@type\":\"ImageObject\",\"inLanguage\":\"fr-FR\",\"@id\":\"https:\/\/comnoubcn.com\/#\/schema\/logo\/image\/\",\"url\":\"https:\/\/comnoubcn.com\/wp-content\/uploads\/2024\/11\/logo.svg\",\"contentUrl\":\"https:\/\/comnoubcn.com\/wp-content\/uploads\/2024\/11\/logo.svg\",\"width\":620,\"height\":620,\"caption\":\"Com Nou\"},\"image\":{\"@id\":\"https:\/\/comnoubcn.com\/#\/schema\/logo\/image\/\"}}]}<\/script>\n<!-- \/ Yoast SEO plugin. -->","yoast_head_json":{"title":"Projets - Com Nou","robots":{"index":"index","follow":"follow","max-snippet":"max-snippet:-1","max-image-preview":"max-image-preview:large","max-video-preview":"max-video-preview:-1"},"canonical":"https:\/\/comnoubcn.com\/fr\/proyectos\/","og_locale":"fr_FR","og_type":"article","og_title":"Proyectos - Com Nou","og_description":"En Com Nou, te invitamos a descubrir nuestra galer\u00eda de proyectos, donde mostramos las transformaciones m\u00e1s impresionantes de veh\u00edculos restaurados y personalizados. Explora nuestros trabajos y encuentra inspiraci\u00f3n para renovar el interior de tu coche.","og_url":"https:\/\/comnoubcn.com\/fr\/proyectos\/","og_site_name":"Com Nou","article_modified_time":"2024-12-16T11:34:57+00:00","og_image":[{"url":"https:\/\/comnoubcn.com\/wp-content\/uploads\/2024\/12\/11-1024x576.jpg","type":"","width":"","height":""}],"twitter_card":"summary_large_image","schema":{"@context":"https:\/\/schema.org","@graph":[{"@type":"WebPage","@id":"https:\/\/comnoubcn.com\/proyectos\/","url":"https:\/\/comnoubcn.com\/proyectos\/","name":"Projets - Com Nou","isPartOf":{"@id":"https:\/\/comnoubcn.com\/#website"},"primaryImageOfPage":{"@id":"https:\/\/comnoubcn.com\/proyectos\/#primaryimage"},"image":{"@id":"https:\/\/comnoubcn.com\/proyectos\/#primaryimage"},"thumbnailUrl":"https:\/\/comnoubcn.com\/wp-content\/uploads\/2024\/12\/11-1024x576.jpg","datePublished":"2024-11-27T21:47:43+00:00","dateModified":"2024-12-16T11:34:57+00:00","breadcrumb":{"@id":"https:\/\/comnoubcn.com\/proyectos\/#breadcrumb"},"inLanguage":"fr-FR","potentialAction":[{"@type":"ReadAction","target":["https:\/\/comnoubcn.com\/proyectos\/"]}]},{"@type":"ImageObject","inLanguage":"fr-FR","@id":"https:\/\/comnoubcn.com\/proyectos\/#primaryimage","url":"https:\/\/comnoubcn.com\/wp-content\/uploads\/2024\/12\/11-1024x576.jpg","contentUrl":"https:\/\/comnoubcn.com\/wp-content\/uploads\/2024\/12\/11-1024x576.jpg"},{"@type":"BreadcrumbList","@id":"https:\/\/comnoubcn.com\/proyectos\/#breadcrumb","itemListElement":[{"@type":"ListItem","position":1,"name":"Portada","item":"https:\/\/comnoubcn.com\/"},{"@type":"ListItem","position":2,"name":"Proyectos"}]},{"@type":"WebSite","@id":"https:\/\/comnoubcn.com\/#website","url":"https:\/\/comnoubcn.com\/","name":"Avec nous","description":"Restauration et embellissement de voitures dans toute l&#039;Espagne","publisher":{"@id":"https:\/\/comnoubcn.com\/#organization"},"potentialAction":[{"@type":"SearchAction","target":{"@type":"EntryPoint","urlTemplate":"https:\/\/comnoubcn.com\/?s={search_term_string}"},"query-input":{"@type":"PropertyValueSpecification","valueRequired":true,"valueName":"search_term_string"}}],"inLanguage":"fr-FR"},{"@type":"Organization","@id":"https:\/\/comnoubcn.com\/#organization","name":"Avec nous","url":"https:\/\/comnoubcn.com\/","logo":{"@type":"ImageObject","inLanguage":"fr-FR","@id":"https:\/\/comnoubcn.com\/#\/schema\/logo\/image\/","url":"https:\/\/comnoubcn.com\/wp-content\/uploads\/2024\/11\/logo.svg","contentUrl":"https:\/\/comnoubcn.com\/wp-content\/uploads\/2024\/11\/logo.svg","width":620,"height":620,"caption":"Com Nou"},"image":{"@id":"https:\/\/comnoubcn.com\/#\/schema\/logo\/image\/"}}]}},"_links":{"self":[{"href":"https:\/\/comnoubcn.com\/fr\/wp-json\/wp\/v2\/pages\/51","targetHints":{"allow":["GET"]}}],"collection":[{"href":"https:\/\/comnoubcn.com\/fr\/wp-json\/wp\/v2\/pages"}],"about":[{"href":"https:\/\/comnoubcn.com\/fr\/wp-json\/wp\/v2\/types\/page"}],"author":[{"embeddable":true,"href":"https:\/\/comnoubcn.com\/fr\/wp-json\/wp\/v2\/users\/2"}],"replies":[{"embeddable":true,"href":"https:\/\/comnoubcn.com\/fr\/wp-json\/wp\/v2\/comments?post=51"}],"version-history":[{"count":79,"href":"https:\/\/comnoubcn.com\/fr\/wp-json\/wp\/v2\/pages\/51\/revisions"}],"predecessor-version":[{"id":1745,"href":"https:\/\/comnoubcn.com\/fr\/wp-json\/wp\/v2\/pages\/51\/revisions\/1745"}],"wp:attachment":[{"href":"https:\/\/comnoubcn.com\/fr\/wp-json\/wp\/v2\/media?parent=51"}],"curies":[{"name":"wp","href":"https:\/\/api.w.org\/{rel}","templated":true}]}}