{"id":21,"date":"2024-11-22T13:43:27","date_gmt":"2024-11-22T13:43:27","guid":{"rendered":"https:\/\/comnoubcn.com\/aviso-legal\/"},"modified":"2024-12-09T10:47:23","modified_gmt":"2024-12-09T10:47:23","slug":"aviso-legal","status":"publish","type":"page","link":"https:\/\/comnoubcn.com\/it\/aviso-legal\/","title":{"rendered":"Avviso legale"},"content":{"rendered":"<style>.elementor-21 .elementor-element.elementor-element-473cc282{--display:flex;--min-height:266px;--flex-direction:row;--container-widget-width:calc( ( 1 - var( --container-widget-flex-grow ) ) * 100% );--container-widget-height:100%;--container-widget-flex-grow:1;--container-widget-align-self:stretch;--flex-wrap-mobile:wrap;--align-items:stretch;--gap:10px 10px;--row-gap:10px;--column-gap:10px;--overlay-opacity:0.8;--padding-top:0em;--padding-bottom:0em;--padding-left:0em;--padding-right:0em;}.elementor-21 .elementor-element.elementor-element-473cc282:not(.elementor-motion-effects-element-type-background), .elementor-21 .elementor-element.elementor-element-473cc282 > .elementor-motion-effects-container > .elementor-motion-effects-layer{background-color:var( --e-global-color-103e9d5 );}.elementor-21 .elementor-element.elementor-element-473cc282::before, .elementor-21 .elementor-element.elementor-element-473cc282 > .elementor-background-video-container::before, .elementor-21 .elementor-element.elementor-element-473cc282 > .e-con-inner > .elementor-background-video-container::before, .elementor-21 .elementor-element.elementor-element-473cc282 > .elementor-background-slideshow::before, .elementor-21 .elementor-element.elementor-element-473cc282 > .e-con-inner > .elementor-background-slideshow::before, .elementor-21 .elementor-element.elementor-element-473cc282 > .elementor-motion-effects-container > .elementor-motion-effects-layer::before{--background-overlay:'';}.elementor-21 .elementor-element.elementor-element-1c95e500{--display:flex;--flex-direction:row;--container-widget-width:calc( ( 1 - var( --container-widget-flex-grow ) ) * 100% );--container-widget-height:100%;--container-widget-flex-grow:1;--container-widget-align-self:stretch;--flex-wrap-mobile:wrap;--justify-content:space-between;--align-items:center;--flex-wrap:wrap;--padding-top:7em;--padding-bottom:7em;--padding-left:0em;--padding-right:0em;}.elementor-21 .elementor-element.elementor-element-3cc827f2{width:100%;max-width:100%;text-align:left;}.elementor-21 .elementor-element.elementor-element-3cc827f2.xpro-widget-bg-overlay:before{transition:background 0.3s;}.elementor-21 .elementor-element.elementor-element-3cc827f2 .elementor-heading-title{color:#FFFFFF;}.elementor-21 .elementor-element.elementor-element-6346ee8{--display:flex;--padding-top:4em;--padding-bottom:04em;--padding-left:2em;--padding-right:2em;}.elementor-21 .elementor-element.elementor-element-3a18116f.xpro-widget-bg-overlay:before{transition:background 0.3s;}:root{--page-title-display:none;}@media(max-width:1024px){.elementor-21 .elementor-element.elementor-element-473cc282{--min-height:186px;--padding-top:0px;--padding-bottom:0px;--padding-left:40px;--padding-right:40px;}.elementor-21 .elementor-element.elementor-element-1c95e500{--padding-top:5em;--padding-bottom:5em;--padding-left:0em;--padding-right:0em;}.elementor-21 .elementor-element.elementor-element-6346ee8{--padding-top:40px;--padding-bottom:60px;--padding-left:40px;--padding-right:40px;}}@media(max-width:1024px) and (min-width:768px){.elementor-21 .elementor-element.elementor-element-473cc282{--content-width:100%;}.elementor-21 .elementor-element.elementor-element-6346ee8{--content-width:100%;}}@media(max-width:767px){.elementor-21 .elementor-element.elementor-element-473cc282{--content-width:100%;--min-height:138px;--justify-content:center;--margin-top:0em;--margin-bottom:0em;--margin-left:0em;--margin-right:0em;--padding-top:0px;--padding-bottom:0px;--padding-left:20px;--padding-right:20px;}.elementor-21 .elementor-element.elementor-element-1c95e500{--flex-direction:column;--container-widget-width:100%;--container-widget-height:initial;--container-widget-flex-grow:0;--container-widget-align-self:initial;--flex-wrap-mobile:wrap;--justify-content:center;--padding-top:0px;--padding-bottom:0px;--padding-left:20px;--padding-right:020px;}.elementor-21 .elementor-element.elementor-element-3cc827f2{text-align:center;}.elementor-21 .elementor-element.elementor-element-6346ee8{--content-width:100%;--padding-top:40px;--padding-bottom:40px;--padding-left:20px;--padding-right:20px;}}<\/style>\t\t<div data-elementor-type=\"wp-page\" data-elementor-id=\"21\" class=\"elementor elementor-21\" data-elementor-post-type=\"page\">\n\t\t\t\t<div class=\"elementor-element elementor-element-473cc282 e-flex e-con-boxed e-con e-parent\" data-id=\"473cc282\" data-element_type=\"container\" data-settings=\"{&quot;background_background&quot;:&quot;classic&quot;}\">\n\t\t\t\t\t<div class=\"e-con-inner\">\n\t\t<div class=\"elementor-element elementor-element-1c95e500 e-con-full e-flex e-con e-child\" data-id=\"1c95e500\" data-element_type=\"container\">\n\t\t\t\t<div class=\"elementor-element elementor-element-3cc827f2 elementor-widget__width-inherit elementor-widget elementor-widget-heading\" data-id=\"3cc827f2\" data-element_type=\"widget\" data-widget_type=\"heading.default\">\n\t\t\t\t<div class=\"elementor-widget-container\">\n\t\t\t\t\t<h1 class=\"elementor-heading-title elementor-size-default\">Avviso legale<\/h1>\t\t\t\t<\/div>\n\t\t\t\t<\/div>\n\t\t\t\t<\/div>\n\t\t\t\t\t<\/div>\n\t\t\t\t<\/div>\n\t\t<div class=\"elementor-element elementor-element-6346ee8 e-flex e-con-boxed e-con e-parent\" data-id=\"6346ee8\" data-element_type=\"container\">\n\t\t\t\t\t<div class=\"e-con-inner\">\n\t\t\t\t<div class=\"elementor-element elementor-element-3a18116f elementor-widget elementor-widget-text-editor\" data-id=\"3a18116f\" data-element_type=\"widget\" data-widget_type=\"text-editor.default\">\n\t\t\t\t<div class=\"elementor-widget-container\">\n\t\t\t\t\t\t\t\t\t<h3 class=\"wp-block-heading\">Titolare del trattamento<\/h3><p>In ottemperanza all&#039;obbligo di informazione stabilito dalla legge 34\/2002, dell&#039;11 luglio, sui servizi della societ\u00e0 dell&#039;informazione e sul commercio elettronico, vi informiamo che questo sito web \u00e8 di propriet\u00e0 di:<\/p><ul><li>Nome: HELLEN DEL SOCORRO BALTODANO CARBALLO con NIF Y9326582G<\/li><li>Indirizzo: CALLE ANTONIO GAUDI, 15, 08788, VILANOVA DEL CAMI (BARCELLONA)<b><br \/><\/b><\/li><li>Telefono: +34 678 974 139<\/li><li>E-mail: <a href=\"mailto:hellenbaltodano@hotmail.com\" target=\"_blank\" rel=\"noopener\">hellenbaltodano@hotmail.com<\/a><\/li><\/ul><h3 class=\"wp-block-heading\">Oggetto<\/h3><p>Il Titolare rende disponibile il presente documento agli utenti con i quali intende conformarsi a quanto previsto dalla normativa vigente in materia di protezione dei dati, e nell&#039;ambito del nuovo quadro normativo istituito in virt\u00f9 delle disposizioni del Regolamento (UE 2016\/679 del.). del Parlamento Europeo e del Consiglio, del 27 aprile 2016, relativo alla protezione delle persone fisiche con riguardo al trattamento dei dati personali e alla libera circolazione di tali dati (di seguito, il \u201cGDPR\u201d), e il normativa nazionale in materia di protezione dei dati personali, nonch\u00e9 informare tutti gli utenti del sito web circa le condizioni di utilizzo del sito web. Chiunque acceda a questo sito web assume il ruolo di utente, impegnandosi alla rigorosa osservanza e al rispetto delle disposizioni qui stabilite, nonch\u00e9 di qualsiasi altra disposizione legale eventualmente applicabile. Il Titolare si riserva il diritto di modificare qualsiasi tipo di informazione che possa apparire sul sito web, senza alcun obbligo di notifica o informazione agli utenti di tali obblighi, intendendosi sufficiente la pubblicazione sul sito web del Titolare.<\/p><h3 class=\"wp-block-heading\">Responsabilit\u00e0<\/h3><p>Il Titolare \u00e8 esente da qualsiasi tipo di responsabilit\u00e0 derivante dalle informazioni pubblicate sul proprio sito web, a condizione che tali informazioni siano state manipolate o introdotte da terzi estranei allo stesso.<\/p><h3 class=\"wp-block-heading\">Indirizzi IP<\/h3><p>I server del sito web potrebbero rilevare automaticamente l&#039;indirizzo IP e il nome di dominio utilizzati dall&#039;utente. Un indirizzo IP \u00e8 un numero assegnato automaticamente a un computer quando si connette a Internet. Tutte queste informazioni sono registrate in un file di attivit\u00e0 del server, debitamente registrato, che consente la successiva elaborazione dei dati per ottenere solo misure statistiche che consentono di conoscere il numero di impressioni della pagina, il numero di visite effettuate ai server web, l&#039;ordine delle visite, punto di accesso, ecc.<\/p><h3 class=\"wp-block-heading\">Politica di collegamento<\/h3><p>Da questo sito Web potresti essere reindirizzato a contenuti di siti Web di terzi. Dato che il Titolare non pu\u00f2 sempre controllare i contenuti introdotti da terzi sui propri siti web, non assume alcun tipo di responsabilit\u00e0 in merito a tali contenuti. In ogni caso, il Titolare precisa che proceder\u00e0 alla rimozione immediata di qualsiasi contenuto che possa contravvenire alla legislazione nazionale o internazionale, alla moralit\u00e0 o all&#039;ordine pubblico, procedendo alla rimozione immediata del reindirizzamento a questo sito web, informando le autorit\u00e0 competenti del contenuto in domanda. Il Titolare non \u00e8 responsabile delle informazioni e dei contenuti archiviati, a titolo esemplificativo ma non esaustivo, in forum, chat, generatori di blog, commenti, social network o qualsiasi altro mezzo che consenta a terzi di pubblicare contenuti in modo indipendente sul sito web di il Responsabile. Tuttavia, e nel rispetto di quanto previsto dall&#039;art. 11 e 16 della LSSICE, il Titolare si mette a disposizione di tutti gli utenti, autorit\u00e0 e forze di sicurezza, collaborando attivamente alla rimozione o, se del caso, al blocco di tutti i contenuti che potrebbero pregiudicare o contravvenire alla normativa nazionale, o al diritto internazionale, diritti di terzi partiti o moralit\u00e0 e ordine pubblico. Nel caso in cui l&#039;utente ritenga che sul sito web siano presenti contenuti che potrebbero essere suscettibili a questa classificazione, questo sito web \u00e8 stato rivisto e testato in modo che funzioni correttamente. In linea di principio \u00e8 possibile garantire il corretto funzionamento 365 giorni all&#039;anno, 24 ore su 24. Tuttavia, il Titolare non esclude la possibilit\u00e0 che vi possano essere alcuni errori di programmazione, o che possano diventare cause di forza maggiore, calamit\u00e0 naturali, scioperi o circostanze simili che rendano impossibile l&#039;accesso al sito.<\/p><h3 class=\"wp-block-heading\">Protezione dei dati<\/h3><p>Il Titolare \u00e8 fortemente impegnato a rispettare quanto previsto dalla normativa vigente in materia di protezione dei dati, e nell&#039;ambito del nuovo quadro normativo istituito in virt\u00f9 delle disposizioni del Regolamento (UE) 2016\/679 del Parlamento Europeo e del Consiglio del 27 Aprile 2016 relativo alla tutela delle persone fisiche con riguardo al trattamento dei dati personali nonch\u00e9 alla libera circolazione di tali dati (di seguito, GDPR), e norme nazionali in materia di protezione dei dati di carattere personale. Allo stesso modo, il titolare del trattamento informa che rispetta la legge 34\/2002 dell&#039;11 luglio, sui servizi della societ\u00e0 dell&#039;informazione e del commercio elettronico e richieder\u00e0 in ogni momento il tuo consenso al trattamento dei tuoi dati per scopi commerciali.<\/p><h3 class=\"wp-block-heading\">Propriet\u00e0 intellettuale e industriale<\/h3><p>Il sito web, inclusi ma non limitati alla sua programmazione, modifica, compilazione e altri elementi necessari per il suo funzionamento, i disegni, i loghi, i testi e\/o la grafica sono di propriet\u00e0 del Titolare o, ove applicabile, hanno una licenza o un&#039;autorizzazione espressa da parte di parte degli autori. Tutti i contenuti del sito web sono debitamente protetti dalle norme sulla propriet\u00e0 intellettuale e industriale. Indipendentemente dallo scopo per cui sono destinati, la riproduzione totale o parziale, l&#039;uso, lo sfruttamento, la distribuzione e la commercializzazione richiedono in ogni caso la previa autorizzazione scritta del Titolare. Qualsiasi utilizzo non preventivamente autorizzato dal responsabile sar\u00e0 considerato una grave violazione dei diritti di propriet\u00e0 intellettuale o industriale dell&#039;autore. I disegni, i loghi, i testi e\/o la grafica diversi dal prestatore e che potrebbero apparire sul sito appartengono ai rispettivi proprietari, i quali sono essi stessi responsabili di ogni eventuale controversia che possa sorgere al riguardo. In ogni caso il Titolare dispone di espressa e preventiva autorizzazione da parte degli stessi. Il Titolare autorizza espressamente i terzi a reindirizzare direttamente ai contenuti specifici del sito web, e in ogni caso dovr\u00e0 reindirizzare alla pagina principale del sito web del Titolare. Il Titolare riconosce i corrispondenti diritti di propriet\u00e0 intellettuale e industriale a favore dei loro titolari, e la loro semplice menzione o apparizione sul sito web non implica l&#039;esistenza di diritti o responsabilit\u00e0 del Titolare su di essi, n\u00e9 implica supporto, sponsorizzazione o raccomandazione per la loro parte. Per tutte quelle immagini in cui il software di progettazione lo consente, sono stati inseriti i corrispondenti riferimenti alla paternit\u00e0 e alla corrispondente licenza. Per effettuare qualsiasi tipo di osservazione riguardante possibili violazioni dei diritti di propriet\u00e0 intellettuale o industriale, nonch\u00e9 di qualsiasi contenuto del sito Web, \u00e8 possibile farlo tramite la seguente e-mail: <a href=\"mailto:hellenbaltodano@hotmail.com\" target=\"_blank\" rel=\"noopener\">hellenbaltodano@hotmail.com<\/a><\/p>\t\t\t\t\t\t\t\t<\/div>\n\t\t\t\t<\/div>\n\t\t\t\t\t<\/div>\n\t\t\t\t<\/div>\n\t\t\t\t<\/div>","protected":false},"excerpt":{"rendered":"<p>Titolare del trattamento dei dati In ottemperanza all&#039;obbligo di informazione stabilito dalla Legge 34\/2002, dell&#039;11 luglio, sui servizi della societ\u00e0 dell&#039;informazione e del commercio elettronico, vi informiamo che questo sito web \u00e8 di propriet\u00e0 di: Nome: HELLEN DEL SOCORRO BALTODANO CARBALLO con NIF Y9326582G Indirizzo: CALLE ANTONIO GAUDI, [\u2026]<\/p>","protected":false},"author":1,"featured_media":0,"parent":0,"menu_order":0,"comment_status":"closed","ping_status":"closed","template":"","meta":{"footnotes":""},"class_list":["post-21","page","type-page","status-publish","hentry"],"yoast_head":"<!-- This site is optimized with the Yoast SEO plugin v26.4 - https:\/\/yoast.com\/wordpress\/plugins\/seo\/ -->\n<title>Aviso legal - Com Nou<\/title>\n<meta name=\"robots\" content=\"index, follow, max-snippet:-1, max-image-preview:large, max-video-preview:-1\" \/>\n<link rel=\"canonical\" href=\"https:\/\/comnoubcn.com\/it\/aviso-legal\/\" \/>\n<meta property=\"og:locale\" content=\"it_IT\" \/>\n<meta property=\"og:type\" content=\"article\" \/>\n<meta property=\"og:title\" content=\"Aviso legal - Com Nou\" \/>\n<meta property=\"og:description\" content=\"Responsable del tratamiento de los datos En cumplimiento del deber de informaci\u00f3n que establece la Ley La 34\/2002, de 11 de julio, de Servicios de la Sociedad de la Informaci\u00f3n y del Comercio Electr\u00f3nico, le comunicamos que esta web es titularidad de: Nombre: HELLEN DEL SOCORRO BALTODANO CARBALLO con NIF Y9326582G Direcci\u00f3n: CALLE ANTONIO GAUDI, [&hellip;]\" \/>\n<meta property=\"og:url\" content=\"https:\/\/comnoubcn.com\/it\/aviso-legal\/\" \/>\n<meta property=\"og:site_name\" content=\"Com Nou\" \/>\n<meta property=\"article:modified_time\" content=\"2024-12-09T10:47:23+00:00\" \/>\n<meta name=\"twitter:card\" content=\"summary_large_image\" \/>\n<meta name=\"twitter:label1\" content=\"Tempo di lettura stimato\" \/>\n\t<meta name=\"twitter:data1\" content=\"6 minuti\" \/>\n<script type=\"application\/ld+json\" class=\"yoast-schema-graph\">{\"@context\":\"https:\/\/schema.org\",\"@graph\":[{\"@type\":\"WebPage\",\"@id\":\"https:\/\/comnoubcn.com\/aviso-legal\/\",\"url\":\"https:\/\/comnoubcn.com\/aviso-legal\/\",\"name\":\"Aviso legal - Com Nou\",\"isPartOf\":{\"@id\":\"https:\/\/comnoubcn.com\/#website\"},\"datePublished\":\"2024-11-22T13:43:27+00:00\",\"dateModified\":\"2024-12-09T10:47:23+00:00\",\"breadcrumb\":{\"@id\":\"https:\/\/comnoubcn.com\/aviso-legal\/#breadcrumb\"},\"inLanguage\":\"it-IT\",\"potentialAction\":[{\"@type\":\"ReadAction\",\"target\":[\"https:\/\/comnoubcn.com\/aviso-legal\/\"]}]},{\"@type\":\"BreadcrumbList\",\"@id\":\"https:\/\/comnoubcn.com\/aviso-legal\/#breadcrumb\",\"itemListElement\":[{\"@type\":\"ListItem\",\"position\":1,\"name\":\"Portada\",\"item\":\"https:\/\/comnoubcn.com\/\"},{\"@type\":\"ListItem\",\"position\":2,\"name\":\"Aviso legal\"}]},{\"@type\":\"WebSite\",\"@id\":\"https:\/\/comnoubcn.com\/#website\",\"url\":\"https:\/\/comnoubcn.com\/\",\"name\":\"Com Nou\",\"description\":\"Restauraci\u00f3n y embellecimiento autom\u00f3vil en toda Espa\u00f1a\",\"publisher\":{\"@id\":\"https:\/\/comnoubcn.com\/#organization\"},\"potentialAction\":[{\"@type\":\"SearchAction\",\"target\":{\"@type\":\"EntryPoint\",\"urlTemplate\":\"https:\/\/comnoubcn.com\/?s={search_term_string}\"},\"query-input\":{\"@type\":\"PropertyValueSpecification\",\"valueRequired\":true,\"valueName\":\"search_term_string\"}}],\"inLanguage\":\"it-IT\"},{\"@type\":\"Organization\",\"@id\":\"https:\/\/comnoubcn.com\/#organization\",\"name\":\"Com Nou\",\"url\":\"https:\/\/comnoubcn.com\/\",\"logo\":{\"@type\":\"ImageObject\",\"inLanguage\":\"it-IT\",\"@id\":\"https:\/\/comnoubcn.com\/#\/schema\/logo\/image\/\",\"url\":\"https:\/\/comnoubcn.com\/wp-content\/uploads\/2024\/11\/logo.svg\",\"contentUrl\":\"https:\/\/comnoubcn.com\/wp-content\/uploads\/2024\/11\/logo.svg\",\"width\":620,\"height\":620,\"caption\":\"Com Nou\"},\"image\":{\"@id\":\"https:\/\/comnoubcn.com\/#\/schema\/logo\/image\/\"}}]}<\/script>\n<!-- \/ Yoast SEO plugin. -->","yoast_head_json":{"title":"Aviso legal - Com Nou","robots":{"index":"index","follow":"follow","max-snippet":"max-snippet:-1","max-image-preview":"max-image-preview:large","max-video-preview":"max-video-preview:-1"},"canonical":"https:\/\/comnoubcn.com\/it\/aviso-legal\/","og_locale":"it_IT","og_type":"article","og_title":"Aviso legal - Com Nou","og_description":"Responsable del tratamiento de los datos En cumplimiento del deber de informaci\u00f3n que establece la Ley La 34\/2002, de 11 de julio, de Servicios de la Sociedad de la Informaci\u00f3n y del Comercio Electr\u00f3nico, le comunicamos que esta web es titularidad de: Nombre: HELLEN DEL SOCORRO BALTODANO CARBALLO con NIF Y9326582G Direcci\u00f3n: CALLE ANTONIO GAUDI, [&hellip;]","og_url":"https:\/\/comnoubcn.com\/it\/aviso-legal\/","og_site_name":"Com Nou","article_modified_time":"2024-12-09T10:47:23+00:00","twitter_card":"summary_large_image","twitter_misc":{"Tempo di lettura stimato":"6 minuti"},"schema":{"@context":"https:\/\/schema.org","@graph":[{"@type":"WebPage","@id":"https:\/\/comnoubcn.com\/aviso-legal\/","url":"https:\/\/comnoubcn.com\/aviso-legal\/","name":"Aviso legal - Com Nou","isPartOf":{"@id":"https:\/\/comnoubcn.com\/#website"},"datePublished":"2024-11-22T13:43:27+00:00","dateModified":"2024-12-09T10:47:23+00:00","breadcrumb":{"@id":"https:\/\/comnoubcn.com\/aviso-legal\/#breadcrumb"},"inLanguage":"it-IT","potentialAction":[{"@type":"ReadAction","target":["https:\/\/comnoubcn.com\/aviso-legal\/"]}]},{"@type":"BreadcrumbList","@id":"https:\/\/comnoubcn.com\/aviso-legal\/#breadcrumb","itemListElement":[{"@type":"ListItem","position":1,"name":"Portada","item":"https:\/\/comnoubcn.com\/"},{"@type":"ListItem","position":2,"name":"Aviso legal"}]},{"@type":"WebSite","@id":"https:\/\/comnoubcn.com\/#website","url":"https:\/\/comnoubcn.com\/","name":"Con noi","description":"Restauro e abbellimento auto in tutta la Spagna","publisher":{"@id":"https:\/\/comnoubcn.com\/#organization"},"potentialAction":[{"@type":"SearchAction","target":{"@type":"EntryPoint","urlTemplate":"https:\/\/comnoubcn.com\/?s={search_term_string}"},"query-input":{"@type":"PropertyValueSpecification","valueRequired":true,"valueName":"search_term_string"}}],"inLanguage":"it-IT"},{"@type":"Organization","@id":"https:\/\/comnoubcn.com\/#organization","name":"Con noi","url":"https:\/\/comnoubcn.com\/","logo":{"@type":"ImageObject","inLanguage":"it-IT","@id":"https:\/\/comnoubcn.com\/#\/schema\/logo\/image\/","url":"https:\/\/comnoubcn.com\/wp-content\/uploads\/2024\/11\/logo.svg","contentUrl":"https:\/\/comnoubcn.com\/wp-content\/uploads\/2024\/11\/logo.svg","width":620,"height":620,"caption":"Com Nou"},"image":{"@id":"https:\/\/comnoubcn.com\/#\/schema\/logo\/image\/"}}]}},"_links":{"self":[{"href":"https:\/\/comnoubcn.com\/it\/wp-json\/wp\/v2\/pages\/21","targetHints":{"allow":["GET"]}}],"collection":[{"href":"https:\/\/comnoubcn.com\/it\/wp-json\/wp\/v2\/pages"}],"about":[{"href":"https:\/\/comnoubcn.com\/it\/wp-json\/wp\/v2\/types\/page"}],"author":[{"embeddable":true,"href":"https:\/\/comnoubcn.com\/it\/wp-json\/wp\/v2\/users\/1"}],"replies":[{"embeddable":true,"href":"https:\/\/comnoubcn.com\/it\/wp-json\/wp\/v2\/comments?post=21"}],"version-history":[{"count":16,"href":"https:\/\/comnoubcn.com\/it\/wp-json\/wp\/v2\/pages\/21\/revisions"}],"predecessor-version":[{"id":1381,"href":"https:\/\/comnoubcn.com\/it\/wp-json\/wp\/v2\/pages\/21\/revisions\/1381"}],"wp:attachment":[{"href":"https:\/\/comnoubcn.com\/it\/wp-json\/wp\/v2\/media?parent=21"}],"curies":[{"name":"parola chiave","href":"https:\/\/api.w.org\/{rel}","templated":true}]}}